{"id":415,"date":"2026-04-17T12:49:59","date_gmt":"2026-04-17T09:49:59","guid":{"rendered":"https:\/\/my-timer.com\/de\/stopwatch\/"},"modified":"2026-04-17T12:49:59","modified_gmt":"2026-04-17T09:49:59","slug":"stopwatch","status":"publish","type":"page","link":"https:\/\/my-timer.com\/de\/stopwatch\/","title":{"rendered":"Stoppuhr online"},"content":{"rendered":"<p>Suchen Sie eine einfache M\u00f6glichkeit, Zeit pr\u00e4zise zu messen? Unsere browserbasierte Stoppuhr erfordert keine Downloads oder Installationen und liefert sofort professionelle Zeitgenauigkeit.<\/p>\n<h2>Online-Digital-Stoppuhr: maximale Pr\u00e4zision mit minimalem Aufwand<\/h2>\n<p>Erleben Sie Sekundenbruchteile mit unserer intuitiven digitalen Stoppuhr. Ideal f\u00fcr:<\/p>\n<ul>\n<li style=\"font-weight:400\">Trainingsintervalle und \u00dcbungsroutinen verfolgen;<\/li>\n<li style=\"font-weight:400\">Pr\u00e4sentationen und Reden timen;<\/li>\n<li style=\"font-weight:400\">Unterrichtsaktivit\u00e4ten und Pr\u00fcfungen verwalten;<\/li>\n<li style=\"font-weight:400\">Produktivit\u00e4tssitzungen mit Zeitmanagement-Techniken;<\/li>\n<li style=\"font-weight:400\">Sporttraining und Leistungsmessung;<\/li>\n<li style=\"font-weight:400\">Wissenschaftliche Experimente mit pr\u00e4zisem Timing;<\/li>\n<li style=\"font-weight:400\">Musik\u00fcbungen und Proben;<\/li>\n<li style=\"font-weight:400\">Meditation und Achtsamkeits\u00fcbungen;<\/li>\n<li style=\"font-weight:400\">Rundenzeiten f\u00fcr verschiedene Aktivit\u00e4ten aufzeichnen;<\/li>\n<li style=\"font-weight:400\">Zeitmessung beim Kochen.<\/li>\n<\/ul>\n<h2>Online-Analog-Stoppuhr<\/h2>\n<p>Unsere analoge Stoppuhr verbindet klassisches Design mit der Bequemlichkeit des Online-Zugangs:<\/p>\n<ul>\n<li style=\"font-weight:400\">Bewegender Sekundenzeiger zur visuellen Zeitverfolgung;<\/li>\n<li style=\"font-weight:400\">Klare Minuten- und Stundenanzeige;<\/li>\n<li style=\"font-weight:400\">Einfache Bedienelemente;<\/li>\n<li style=\"font-weight:400\">Sanfte Animation f\u00fcr ein realistisches Erlebnis.<\/li>\n<\/ul>\n<h2>So verwenden Sie unsere Online-Stoppuhren<\/h2>\n<ol>\n<li style=\"font-weight:400\">Stil w\u00e4hlen: digital oder analog je nach Ihrer Vorliebe;<\/li>\n<li style=\"font-weight:400\">Start dr\u00fccken \u2014 ein Klick startet die Stoppuhr sofort;<\/li>\n<li style=\"font-weight:400\">Bei Bedarf pausieren \u2014 die Stop-Taste friert den Timer ein;<\/li>\n<li style=\"font-weight:400\">Sofort zur\u00fccksetzen \u2014 mit einem Klick f\u00fcr eine neue Zeitmessung.<\/li>\n<\/ol>\n<h2>Weitere Zeitwerkzeuge<\/h2>\n<ul>\n<li style=\"font-weight:400\"><a href=\"https:\/\/my-timer.com\/de\/\">Timer<\/a>. Countdown f\u00fcr Kochen, Training, Pr\u00e4sentationen;<\/li>\n<li style=\"font-weight:400\"><a href=\"https:\/\/my-timer.com\/de\/time-now\/\">Aktuelle Zeit<\/a>. Pr\u00e4zise aktuelle Zeit in jeder Stadt der Welt;<\/li>\n<li style=\"font-weight:400\"><a href=\"https:\/\/my-timer.com\/de\/calculate-birthday\/\">Geburtstagsrechner<\/a>. Interessante Fakten \u00fcber Ihr Geburtsdatum;<\/li>\n<li style=\"font-weight:400\"><a href=\"https:\/\/my-timer.com\/de\/time-difference\/\">Zeitunterschied<\/a>. Sofortiger Zeitvergleich zwischen beliebigen St\u00e4dten;<\/li>\n<li style=\"font-weight:400\"><a href=\"https:\/\/my-timer.com\/de\/online-date-calculator\/\">Datumsrechner<\/a>. Tage, Wochen, Monate zu einem Datum addieren oder subtrahieren;<\/li>\n<li style=\"font-weight:400\"><a href=\"https:\/\/my-timer.com\/de\/calendar\/\">Kalender<\/a>. \u00dcbersichtlicher Kalender zur Veranstaltungsplanung.<\/li>\n<\/ul>\n","protected":false},"excerpt":{"rendered":"<p>Suchen Sie eine einfache M\u00f6glichkeit, Zeit pr\u00e4zise zu messen? Unsere browserbasierte Stoppuhr erfordert keine Downloads oder Installationen und liefert sofort professionelle Zeitgenauigkeit. Online-Digital-Stoppuhr: maximale Pr\u00e4zision mit minimalem Aufwand Erleben Sie Sekundenbruchteile mit unserer intuitiven digitalen Stoppuhr. Ideal f\u00fcr: Trainingsintervalle und \u00dcbungsroutinen verfolgen; Pr\u00e4sentationen und Reden timen; Unterrichtsaktivit\u00e4ten und Pr\u00fcfungen verwalten; Produktivit\u00e4tssitzungen mit Zeitmanagement-Techniken; Sporttraining und [&hellip;]<\/p>\n","protected":false},"author":0,"featured_media":0,"parent":0,"menu_order":0,"comment_status":"closed","ping_status":"closed","template":"","meta":{"_acf_changed":false,"footnotes":""},"categories":[],"class_list":["post-415","page","type-page","status-publish","hentry"],"acf":[],"aioseo_notices":[],"_links":{"self":[{"href":"https:\/\/my-timer.com\/de\/wp-json\/wp\/v2\/pages\/415","targetHints":{"allow":["GET"]}}],"collection":[{"href":"https:\/\/my-timer.com\/de\/wp-json\/wp\/v2\/pages"}],"about":[{"href":"https:\/\/my-timer.com\/de\/wp-json\/wp\/v2\/types\/page"}],"replies":[{"embeddable":true,"href":"https:\/\/my-timer.com\/de\/wp-json\/wp\/v2\/comments?post=415"}],"version-history":[{"count":0,"href":"https:\/\/my-timer.com\/de\/wp-json\/wp\/v2\/pages\/415\/revisions"}],"wp:attachment":[{"href":"https:\/\/my-timer.com\/de\/wp-json\/wp\/v2\/media?parent=415"}],"wp:term":[{"taxonomy":"category","embeddable":true,"href":"https:\/\/my-timer.com\/de\/wp-json\/wp\/v2\/categories?post=415"}],"curies":[{"name":"wp","href":"https:\/\/api.w.org\/{rel}","templated":true}]}}