{"id":416,"date":"2026-04-17T12:50:04","date_gmt":"2026-04-17T09:50:04","guid":{"rendered":"https:\/\/my-timer.com\/de\/time-now\/"},"modified":"2026-04-17T12:50:04","modified_gmt":"2026-04-17T09:50:04","slug":"time-now","status":"publish","type":"page","link":"https:\/\/my-timer.com\/de\/time-now\/","title":{"rendered":"Aktuelle Zeit"},"content":{"rendered":"<p>Greifen Sie sofort auf die genaue aktuelle Uhrzeit \u00fcberall auf der Welt zu. My-Timer.com bietet sekundengenaue Zeitinformationen f\u00fcr Hunderte von St\u00e4dten weltweit.<\/p>\n<h2>Ortszeit \u2013 wenn es am wichtigsten ist<\/h2>\n<p>Ob zu Hause oder auf Reisen, unser Werkzeug \u201eAktuelle Zeit&#8220; stellt sicher, dass Sie immer die genaue Ortszeit kennen. Der Dienst passt sich automatisch an Ihren Standort an.<\/p>\n<p>F\u00fcr diejenigen, die mit Menschen in verschiedenen Zeitzonen koordinieren, zeigt unsere Seite \u201eAktuelle Zeit&#8220; alle wichtigen St\u00e4dte auf einem Bildschirm \u2014 London, Tokio, New York, Sydney und Dutzende weitere.<\/p>\n<h2>Weitere Zeitwerkzeuge<\/h2>\n<ul>\n<li style=\"font-weight:400\"><a href=\"https:\/\/my-timer.com\/de\/\">Timer<\/a>. Pr\u00e4zise Countdowns f\u00fcr jede Aufgabe;<\/li>\n<li style=\"font-weight:400\"><a href=\"https:\/\/my-timer.com\/de\/stopwatch\/\">Stoppuhr<\/a>. Zeit mit Millisekunden-Genauigkeit messen;<\/li>\n<li style=\"font-weight:400\"><a href=\"https:\/\/my-timer.com\/de\/time-difference\/\">Zeitunterschied<\/a>. Den Unterschied zwischen beliebigen zwei St\u00e4dten sofort ermitteln;<\/li>\n<li style=\"font-weight:400\"><a href=\"https:\/\/my-timer.com\/de\/calculate-birthday\/\">Geburtstagsrechner<\/a>. Geburtstag und interessante Fakten herausfinden;<\/li>\n<li style=\"font-weight:400\"><a href=\"https:\/\/my-timer.com\/de\/online-date-calculator\/\">Datumsrechner<\/a>. Zuk\u00fcnftige und vergangene Daten berechnen;<\/li>\n<li style=\"font-weight:400\"><a href=\"https:\/\/my-timer.com\/de\/calendar\/\">Kalender<\/a>. Monatspl\u00e4ne anzeigen und wichtige Termine markieren.<\/li>\n<\/ul>\n","protected":false},"excerpt":{"rendered":"<p>Greifen Sie sofort auf die genaue aktuelle Uhrzeit \u00fcberall auf der Welt zu. My-Timer.com bietet sekundengenaue Zeitinformationen f\u00fcr Hunderte von St\u00e4dten weltweit. Ortszeit \u2013 wenn es am wichtigsten ist Ob zu Hause oder auf Reisen, unser Werkzeug \u201eAktuelle Zeit&#8220; stellt sicher, dass Sie immer die genaue Ortszeit kennen. Der Dienst passt sich automatisch an Ihren [&hellip;]<\/p>\n","protected":false},"author":0,"featured_media":0,"parent":0,"menu_order":0,"comment_status":"closed","ping_status":"closed","template":"","meta":{"_acf_changed":false,"footnotes":""},"categories":[],"class_list":["post-416","page","type-page","status-publish","hentry"],"acf":[],"aioseo_notices":[],"_links":{"self":[{"href":"https:\/\/my-timer.com\/de\/wp-json\/wp\/v2\/pages\/416","targetHints":{"allow":["GET"]}}],"collection":[{"href":"https:\/\/my-timer.com\/de\/wp-json\/wp\/v2\/pages"}],"about":[{"href":"https:\/\/my-timer.com\/de\/wp-json\/wp\/v2\/types\/page"}],"replies":[{"embeddable":true,"href":"https:\/\/my-timer.com\/de\/wp-json\/wp\/v2\/comments?post=416"}],"version-history":[{"count":0,"href":"https:\/\/my-timer.com\/de\/wp-json\/wp\/v2\/pages\/416\/revisions"}],"wp:attachment":[{"href":"https:\/\/my-timer.com\/de\/wp-json\/wp\/v2\/media?parent=416"}],"wp:term":[{"taxonomy":"category","embeddable":true,"href":"https:\/\/my-timer.com\/de\/wp-json\/wp\/v2\/categories?post=416"}],"curies":[{"name":"wp","href":"https:\/\/api.w.org\/{rel}","templated":true}]}}