{"id":417,"date":"2026-04-17T12:50:12","date_gmt":"2026-04-17T09:50:12","guid":{"rendered":"https:\/\/my-timer.com\/de\/time-difference\/"},"modified":"2026-04-17T12:50:12","modified_gmt":"2026-04-17T09:50:12","slug":"time-difference","status":"publish","type":"page","link":"https:\/\/my-timer.com\/de\/time-difference\/","title":{"rendered":"Zeitunterschied"},"content":{"rendered":"<p>\u00dcberpr\u00fcfen Sie den Zeitunterschied zwischen St\u00e4dten weltweit online mit unserem benutzerfreundlichen Tool.<\/p>\n<h2>So pr\u00fcfen Sie den Zeitunterschied online<\/h2>\n<p>M\u00fcssen Sie internationale Anrufe planen? Planen Sie Reisen durch Zeitzonen? W\u00e4hlen Sie einfach zwei St\u00e4dte aus \u2014 unser Tool zeigt den Zeitunterschied sofort an, einschlie\u00dflich Sommerzeit.<\/p>\n<h2>Warum Zeitunterschiede wichtig sind<\/h2>\n<ul>\n<li style=\"font-weight:400\">Effiziente internationale Meetings zu geeigneten Zeiten planen;<\/li>\n<li style=\"font-weight:400\">Kollegen oder Familie nicht w\u00e4hrend ihrer Schlafzeit st\u00f6ren;<\/li>\n<li style=\"font-weight:400\">Reiserouten unter Ber\u00fccksichtigung von Zeitanpassungen planen;<\/li>\n<li style=\"font-weight:400\">Remote-Teams auf verschiedenen Kontinenten verwalten.<\/li>\n<\/ul>\n<h2>FAQ<\/h2>\n<ol>\n<li><strong>Wie pr\u00fcfe ich den Zeitunterschied online?<\/strong> W\u00e4hlen Sie einfach Ihre Herkunftsstadt und Ihr Ziel aus. Unser Rechner zeigt sofort die aktuelle Zeit an beiden Standorten und die genaue Differenz.<\/li>\n<li><strong>Wie genau ist der Zeitunterschiedsrechner?<\/strong> Unser Rechner ist mit internationalen Zeitstandards synchronisiert und wird in Echtzeit aktualisiert.<\/li>\n<\/ol>\n","protected":false},"excerpt":{"rendered":"<p>\u00dcberpr\u00fcfen Sie den Zeitunterschied zwischen St\u00e4dten weltweit online mit unserem benutzerfreundlichen Tool. So pr\u00fcfen Sie den Zeitunterschied online M\u00fcssen Sie internationale Anrufe planen? Planen Sie Reisen durch Zeitzonen? W\u00e4hlen Sie einfach zwei St\u00e4dte aus \u2014 unser Tool zeigt den Zeitunterschied sofort an, einschlie\u00dflich Sommerzeit. Warum Zeitunterschiede wichtig sind Effiziente internationale Meetings zu geeigneten Zeiten planen; [&hellip;]<\/p>\n","protected":false},"author":0,"featured_media":0,"parent":0,"menu_order":0,"comment_status":"closed","ping_status":"closed","template":"","meta":{"_acf_changed":false,"footnotes":""},"categories":[],"class_list":["post-417","page","type-page","status-publish","hentry"],"acf":[],"aioseo_notices":[],"_links":{"self":[{"href":"https:\/\/my-timer.com\/de\/wp-json\/wp\/v2\/pages\/417","targetHints":{"allow":["GET"]}}],"collection":[{"href":"https:\/\/my-timer.com\/de\/wp-json\/wp\/v2\/pages"}],"about":[{"href":"https:\/\/my-timer.com\/de\/wp-json\/wp\/v2\/types\/page"}],"replies":[{"embeddable":true,"href":"https:\/\/my-timer.com\/de\/wp-json\/wp\/v2\/comments?post=417"}],"version-history":[{"count":0,"href":"https:\/\/my-timer.com\/de\/wp-json\/wp\/v2\/pages\/417\/revisions"}],"wp:attachment":[{"href":"https:\/\/my-timer.com\/de\/wp-json\/wp\/v2\/media?parent=417"}],"wp:term":[{"taxonomy":"category","embeddable":true,"href":"https:\/\/my-timer.com\/de\/wp-json\/wp\/v2\/categories?post=417"}],"curies":[{"name":"wp","href":"https:\/\/api.w.org\/{rel}","templated":true}]}}