{"id":419,"date":"2026-04-17T12:50:23","date_gmt":"2026-04-17T09:50:23","guid":{"rendered":"https:\/\/my-timer.com\/de\/online-date-calculator\/"},"modified":"2026-04-17T12:50:23","modified_gmt":"2026-04-17T09:50:23","slug":"online-date-calculator","status":"publish","type":"page","link":"https:\/\/my-timer.com\/de\/online-date-calculator\/","title":{"rendered":"Datumsrechner"},"content":{"rendered":"<p>M\u00fcssen Sie wissen, welches Datum in genau 45 Tagen ist? My-Timers Datumsrechner liefert schnelle und genaue Berechnungen f\u00fcr jede datumsbezogene Frage.<\/p>\n<h2>Vielseitige Datumsberechnungen f\u00fcr jeden Bedarf<\/h2>\n<ul>\n<li style=\"font-weight:400\">Genaue Anzahl der Tage zwischen zwei beliebigen Daten berechnen;<\/li>\n<li style=\"font-weight:400\">Berechnen, welches Datum nach einer bestimmten Anzahl von Tagen ist;<\/li>\n<li style=\"font-weight:400\">Nur Werktage z\u00e4hlen f\u00fcr praktischere Planung;<\/li>\n<li style=\"font-weight:400\">Berechnung in Tagen, Wochen, Monaten oder Jahren.<\/li>\n<\/ul>\n<h2>Ideal f\u00fcr pers\u00f6nliche und berufliche Planung<\/h2>\n<ol>\n<li style=\"font-weight:400\">Projektplanung: Meilensteine und Fristen pr\u00e4zise festlegen;<\/li>\n<li style=\"font-weight:400\">Rechtliche Fristen\u00fcberwachung: Gerichtstermine und Einreichungsfristen;<\/li>\n<li style=\"font-weight:400\">Finanzplanung: genaue Zahlungsdaten und Kreditlaufzeiten;<\/li>\n<li style=\"font-weight:400\">Medizinische Termine: Nachsorgetermine und Medikamentenpl\u00e4ne;<\/li>\n<li style=\"font-weight:400\">Veranstaltungsplanung: optimale Termine f\u00fcr bevorstehende Events.<\/li>\n<\/ol>\n","protected":false},"excerpt":{"rendered":"<p>M\u00fcssen Sie wissen, welches Datum in genau 45 Tagen ist? My-Timers Datumsrechner liefert schnelle und genaue Berechnungen f\u00fcr jede datumsbezogene Frage. Vielseitige Datumsberechnungen f\u00fcr jeden Bedarf Genaue Anzahl der Tage zwischen zwei beliebigen Daten berechnen; Berechnen, welches Datum nach einer bestimmten Anzahl von Tagen ist; Nur Werktage z\u00e4hlen f\u00fcr praktischere Planung; Berechnung in Tagen, Wochen, [&hellip;]<\/p>\n","protected":false},"author":0,"featured_media":0,"parent":0,"menu_order":0,"comment_status":"closed","ping_status":"closed","template":"","meta":{"_acf_changed":false,"footnotes":""},"categories":[],"class_list":["post-419","page","type-page","status-publish","hentry"],"acf":[],"aioseo_notices":[],"_links":{"self":[{"href":"https:\/\/my-timer.com\/de\/wp-json\/wp\/v2\/pages\/419","targetHints":{"allow":["GET"]}}],"collection":[{"href":"https:\/\/my-timer.com\/de\/wp-json\/wp\/v2\/pages"}],"about":[{"href":"https:\/\/my-timer.com\/de\/wp-json\/wp\/v2\/types\/page"}],"replies":[{"embeddable":true,"href":"https:\/\/my-timer.com\/de\/wp-json\/wp\/v2\/comments?post=419"}],"version-history":[{"count":0,"href":"https:\/\/my-timer.com\/de\/wp-json\/wp\/v2\/pages\/419\/revisions"}],"wp:attachment":[{"href":"https:\/\/my-timer.com\/de\/wp-json\/wp\/v2\/media?parent=419"}],"wp:term":[{"taxonomy":"category","embeddable":true,"href":"https:\/\/my-timer.com\/de\/wp-json\/wp\/v2\/categories?post=419"}],"curies":[{"name":"wp","href":"https:\/\/api.w.org\/{rel}","templated":true}]}}