{"id":420,"date":"2026-04-17T12:50:32","date_gmt":"2026-04-17T09:50:32","guid":{"rendered":"https:\/\/my-timer.com\/de\/calendar\/"},"modified":"2026-04-17T12:50:32","modified_gmt":"2026-04-17T09:50:32","slug":"calendar","status":"publish","type":"page","link":"https:\/\/my-timer.com\/de\/calendar\/","title":{"rendered":"Kalender online"},"content":{"rendered":"<p>Willkommen in der umfassendsten Kalenderdatenbank im Internet. Unsere Sammlung umfasst \u00fcber zwei Jahrhunderte \u2014 von 1900 bis 2100 f\u00fcr alle L\u00e4nder der Welt.<\/p>\n<h2>Was unsere Kalenderdatenbank besonders macht<\/h2>\n<p>Unser System deckt einen beeindruckenden 200-Jahres-Zeitraum ab. Dies ist unsch\u00e4tzbar f\u00fcr:<\/p>\n<ul>\n<li style=\"font-weight:400\">Historische Forschung und Dokumentation;<\/li>\n<li style=\"font-weight:400\">Genealogie-Projekte und Stammbaumerstellung;<\/li>\n<li style=\"font-weight:400\">Akademische Studien, die eine pr\u00e4zise Datums\u00fcberpr\u00fcfung erfordern;<\/li>\n<li style=\"font-weight:400\">Gesch\u00e4ftsplanung f\u00fcr internationale Operationen;<\/li>\n<li style=\"font-weight:400\">Pers\u00f6nliche Meilenstein-Verfolgung und Jubil\u00e4umsplanung.<\/li>\n<\/ul>\n<h2>So verwenden Sie unseren Kalender<\/h2>\n<ol>\n<li style=\"font-weight:400\">W\u00e4hlen Sie Ihr gew\u00fcnschtes Jahr aus unserem umfassenden Bereich;<\/li>\n<li style=\"font-weight:400\">W\u00e4hlen Sie das relevante Land f\u00fcr lokalisierte Kalenderansichten;<\/li>\n<li style=\"font-weight:400\">Monatliche Layouts durchsuchen oder zu Daten springen.<\/li>\n<\/ol>\n","protected":false},"excerpt":{"rendered":"<p>Willkommen in der umfassendsten Kalenderdatenbank im Internet. Unsere Sammlung umfasst \u00fcber zwei Jahrhunderte \u2014 von 1900 bis 2100 f\u00fcr alle L\u00e4nder der Welt. Was unsere Kalenderdatenbank besonders macht Unser System deckt einen beeindruckenden 200-Jahres-Zeitraum ab. Dies ist unsch\u00e4tzbar f\u00fcr: Historische Forschung und Dokumentation; Genealogie-Projekte und Stammbaumerstellung; Akademische Studien, die eine pr\u00e4zise Datums\u00fcberpr\u00fcfung erfordern; Gesch\u00e4ftsplanung f\u00fcr [&hellip;]<\/p>\n","protected":false},"author":0,"featured_media":0,"parent":0,"menu_order":0,"comment_status":"closed","ping_status":"closed","template":"","meta":{"_acf_changed":false,"footnotes":""},"categories":[],"class_list":["post-420","page","type-page","status-publish","hentry"],"acf":[],"aioseo_notices":[],"_links":{"self":[{"href":"https:\/\/my-timer.com\/de\/wp-json\/wp\/v2\/pages\/420","targetHints":{"allow":["GET"]}}],"collection":[{"href":"https:\/\/my-timer.com\/de\/wp-json\/wp\/v2\/pages"}],"about":[{"href":"https:\/\/my-timer.com\/de\/wp-json\/wp\/v2\/types\/page"}],"replies":[{"embeddable":true,"href":"https:\/\/my-timer.com\/de\/wp-json\/wp\/v2\/comments?post=420"}],"version-history":[{"count":0,"href":"https:\/\/my-timer.com\/de\/wp-json\/wp\/v2\/pages\/420\/revisions"}],"wp:attachment":[{"href":"https:\/\/my-timer.com\/de\/wp-json\/wp\/v2\/media?parent=420"}],"wp:term":[{"taxonomy":"category","embeddable":true,"href":"https:\/\/my-timer.com\/de\/wp-json\/wp\/v2\/categories?post=420"}],"curies":[{"name":"wp","href":"https:\/\/api.w.org\/{rel}","templated":true}]}}