{"id":415,"date":"2026-04-17T12:48:53","date_gmt":"2026-04-17T09:48:53","guid":{"rendered":"https:\/\/my-timer.com\/es\/stopwatch\/"},"modified":"2026-04-17T12:48:53","modified_gmt":"2026-04-17T09:48:53","slug":"stopwatch","status":"publish","type":"page","link":"https:\/\/my-timer.com\/es\/stopwatch\/","title":{"rendered":"Cron\u00f3metro online"},"content":{"rendered":"<p>\u00bfBusca una forma sencilla de medir el tiempo con precisi\u00f3n? Nuestro cron\u00f3metro en l\u00ednea no requiere descargas ni instalaciones.<\/p>\n<h2>Cron\u00f3metro digital online: m\u00e1xima precisi\u00f3n con m\u00ednimo esfuerzo<\/h2>\n<p>Experimente precisi\u00f3n de fracciones de segundo con nuestro cron\u00f3metro digital intuitivo. Perfecto para:<\/p>\n<ul>\n<li style=\"font-weight:400\">Seguimiento de intervalos de entrenamiento y rutinas de ejercicio;<\/li>\n<li style=\"font-weight:400\">Cronometrar presentaciones y discursos;<\/li>\n<li style=\"font-weight:400\">Gestionar actividades en el aula y ex\u00e1menes;<\/li>\n<li style=\"font-weight:400\">Sesiones de productividad usando t\u00e9cnicas de gesti\u00f3n del tiempo;<\/li>\n<li style=\"font-weight:400\">Entrenamiento deportivo y medici\u00f3n del rendimiento;<\/li>\n<li style=\"font-weight:400\">Experimentos cient\u00edficos que requieren temporizaci\u00f3n precisa;<\/li>\n<li style=\"font-weight:400\">Sesiones de pr\u00e1ctica musical y ensayos;<\/li>\n<li style=\"font-weight:400\">Meditaci\u00f3n y ejercicios de mindfulness.<\/li>\n<\/ul>\n<h2>Cron\u00f3metro anal\u00f3gico online<\/h2>\n<p>Nuestro cron\u00f3metro anal\u00f3gico combina el dise\u00f1o cl\u00e1sico con la comodidad del acceso en l\u00ednea:<\/p>\n<ul>\n<li style=\"font-weight:400\">Segundero en movimiento para seguimiento visual del tiempo;<\/li>\n<li style=\"font-weight:400\">Indicadores claros de minutos y horas;<\/li>\n<li style=\"font-weight:400\">Controles simples;<\/li>\n<li style=\"font-weight:400\">Animaci\u00f3n suave para una experiencia realista.<\/li>\n<\/ul>\n<h2>C\u00f3mo usar nuestros cron\u00f3metros online<\/h2>\n<ol>\n<li style=\"font-weight:400\">Seleccione su estilo: pantalla digital o interfaz anal\u00f3gica;<\/li>\n<li style=\"font-weight:400\">Presione Inicio \u2014 un simple clic pone en marcha el cron\u00f3metro al instante;<\/li>\n<li style=\"font-weight:400\">Pausa cuando sea necesario \u2014 el bot\u00f3n de parada congela el temporizador;<\/li>\n<li style=\"font-weight:400\">Restablezca al instante con un clic.<\/li>\n<\/ol>\n<h2>Explore nuestra suite completa de herramientas de tiempo<\/h2>\n<ul>\n<li style=\"font-weight:400\"><a href=\"https:\/\/my-timer.com\/es\/\">Temporizador<\/a>. Cuenta regresiva para cocinar, entrenamientos, presentaciones;<\/li>\n<li style=\"font-weight:400\"><a href=\"https:\/\/my-timer.com\/es\/time-now\/\">Hora actual<\/a>. La hora precisa en cualquier ciudad del mundo;<\/li>\n<li style=\"font-weight:400\"><a href=\"https:\/\/my-timer.com\/es\/calculate-birthday\/\">Calculadora de cumplea\u00f1os<\/a>. Descubra datos interesantes sobre su fecha de nacimiento;<\/li>\n<li style=\"font-weight:400\"><a href=\"https:\/\/my-timer.com\/es\/time-difference\/\">Diferencia horaria<\/a>. Compare al instante la hora entre cualquier ciudad;<\/li>\n<li style=\"font-weight:400\"><a href=\"https:\/\/my-timer.com\/es\/online-date-calculator\/\">Calculadora de fechas<\/a>. A\u00f1ada o reste d\u00edas, semanas, meses a cualquier fecha;<\/li>\n<li style=\"font-weight:400\"><a href=\"https:\/\/my-timer.com\/es\/calendar\/\">Calendario<\/a>. Calendario pr\u00e1ctico para la planificaci\u00f3n de eventos.<\/li>\n<\/ul>\n","protected":false},"excerpt":{"rendered":"<p>\u00bfBusca una forma sencilla de medir el tiempo con precisi\u00f3n? Nuestro cron\u00f3metro en l\u00ednea no requiere descargas ni instalaciones. Cron\u00f3metro digital online: m\u00e1xima precisi\u00f3n con m\u00ednimo esfuerzo Experimente precisi\u00f3n de fracciones de segundo con nuestro cron\u00f3metro digital intuitivo. Perfecto para: Seguimiento de intervalos de entrenamiento y rutinas de ejercicio; Cronometrar presentaciones y discursos; Gestionar actividades [&hellip;]<\/p>\n","protected":false},"author":0,"featured_media":0,"parent":0,"menu_order":0,"comment_status":"closed","ping_status":"closed","template":"","meta":{"_acf_changed":false,"footnotes":""},"categories":[],"class_list":["post-415","page","type-page","status-publish","hentry"],"acf":[],"aioseo_notices":[],"_links":{"self":[{"href":"https:\/\/my-timer.com\/es\/wp-json\/wp\/v2\/pages\/415","targetHints":{"allow":["GET"]}}],"collection":[{"href":"https:\/\/my-timer.com\/es\/wp-json\/wp\/v2\/pages"}],"about":[{"href":"https:\/\/my-timer.com\/es\/wp-json\/wp\/v2\/types\/page"}],"replies":[{"embeddable":true,"href":"https:\/\/my-timer.com\/es\/wp-json\/wp\/v2\/comments?post=415"}],"version-history":[{"count":0,"href":"https:\/\/my-timer.com\/es\/wp-json\/wp\/v2\/pages\/415\/revisions"}],"wp:attachment":[{"href":"https:\/\/my-timer.com\/es\/wp-json\/wp\/v2\/media?parent=415"}],"wp:term":[{"taxonomy":"category","embeddable":true,"href":"https:\/\/my-timer.com\/es\/wp-json\/wp\/v2\/categories?post=415"}],"curies":[{"name":"wp","href":"https:\/\/api.w.org\/{rel}","templated":true}]}}