{"id":417,"date":"2026-04-17T12:49:08","date_gmt":"2026-04-17T09:49:08","guid":{"rendered":"https:\/\/my-timer.com\/es\/time-difference\/"},"modified":"2026-04-17T12:49:08","modified_gmt":"2026-04-17T09:49:08","slug":"time-difference","status":"publish","type":"page","link":"https:\/\/my-timer.com\/es\/time-difference\/","title":{"rendered":"Diferencia horaria"},"content":{"rendered":"<p>Compruebe la diferencia horaria entre ciudades del mundo en l\u00ednea con nuestra herramienta f\u00e1cil de usar.<\/p>\n<h2>C\u00f3mo comprobar la diferencia horaria en l\u00ednea<\/h2>\n<p>\u00bfNecesita programar llamadas internacionales? Simplemente seleccione dos ciudades \u2014 nuestra herramienta muestra instant\u00e1neamente la diferencia horaria teniendo en cuenta el horario de verano.<\/p>\n<h2>Por qu\u00e9 importa la diferencia horaria<\/h2>\n<ul>\n<li style=\"font-weight:400\">Programar reuniones internacionales eficientes en horas apropiadas;<\/li>\n<li style=\"font-weight:400\">Evitar molestar a colegas o familiares durante sus horas de sue\u00f1o;<\/li>\n<li style=\"font-weight:400\">Planificar itinerarios de viaje teniendo en cuenta los ajustes de tiempo;<\/li>\n<li style=\"font-weight:400\">Gestionar equipos remotos en diferentes continentes.<\/li>\n<\/ul>\n<h2>FAQ<\/h2>\n<ol>\n<li><strong>\u00bfC\u00f3mo verifico la diferencia horaria en l\u00ednea?<\/strong> Simplemente seleccione su ciudad de origen y su destino. Nuestra calculadora muestra instant\u00e1neamente la hora actual en ambos lugares y la diferencia exacta.<\/li>\n<li><strong>\u00bfQu\u00e9 tan precisa es la calculadora de diferencia horaria?<\/strong> Nuestra calculadora est\u00e1 sincronizada con los est\u00e1ndares de tiempo internacionales y se actualiza en tiempo real.<\/li>\n<\/ol>\n","protected":false},"excerpt":{"rendered":"<p>Compruebe la diferencia horaria entre ciudades del mundo en l\u00ednea con nuestra herramienta f\u00e1cil de usar. C\u00f3mo comprobar la diferencia horaria en l\u00ednea \u00bfNecesita programar llamadas internacionales? Simplemente seleccione dos ciudades \u2014 nuestra herramienta muestra instant\u00e1neamente la diferencia horaria teniendo en cuenta el horario de verano. Por qu\u00e9 importa la diferencia horaria Programar reuniones internacionales [&hellip;]<\/p>\n","protected":false},"author":0,"featured_media":0,"parent":0,"menu_order":0,"comment_status":"closed","ping_status":"closed","template":"","meta":{"_acf_changed":false,"footnotes":""},"categories":[],"class_list":["post-417","page","type-page","status-publish","hentry"],"acf":[],"aioseo_notices":[],"_links":{"self":[{"href":"https:\/\/my-timer.com\/es\/wp-json\/wp\/v2\/pages\/417","targetHints":{"allow":["GET"]}}],"collection":[{"href":"https:\/\/my-timer.com\/es\/wp-json\/wp\/v2\/pages"}],"about":[{"href":"https:\/\/my-timer.com\/es\/wp-json\/wp\/v2\/types\/page"}],"replies":[{"embeddable":true,"href":"https:\/\/my-timer.com\/es\/wp-json\/wp\/v2\/comments?post=417"}],"version-history":[{"count":0,"href":"https:\/\/my-timer.com\/es\/wp-json\/wp\/v2\/pages\/417\/revisions"}],"wp:attachment":[{"href":"https:\/\/my-timer.com\/es\/wp-json\/wp\/v2\/media?parent=417"}],"wp:term":[{"taxonomy":"category","embeddable":true,"href":"https:\/\/my-timer.com\/es\/wp-json\/wp\/v2\/categories?post=417"}],"curies":[{"name":"wp","href":"https:\/\/api.w.org\/{rel}","templated":true}]}}