{"id":418,"date":"2026-04-17T12:49:13","date_gmt":"2026-04-17T09:49:13","guid":{"rendered":"https:\/\/my-timer.com\/es\/calculate-birthday\/"},"modified":"2026-04-17T12:49:13","modified_gmt":"2026-04-17T09:49:13","slug":"calculate-birthday","status":"publish","type":"page","link":"https:\/\/my-timer.com\/es\/calculate-birthday\/","title":{"rendered":"Calculadora de cumplea\u00f1os"},"content":{"rendered":"<p>La herramienta de an\u00e1lisis de My-Timer convierte la informaci\u00f3n de su fecha de nacimiento en medidas de tiempo precisas.<\/p>\n<h2>Su perfil de cumplea\u00f1os completo en segundos<\/h2>\n<p>Simplemente ingrese su fecha de nacimiento y reciba instant\u00e1neamente un an\u00e1lisis completo que incluye:<\/p>\n<ul>\n<li style=\"font-weight:400\">Desglose detallado de la edad: a\u00f1os, meses y d\u00edas;<\/li>\n<li style=\"font-weight:400\">Pron\u00f3stico del pr\u00f3ximo cumplea\u00f1os: d\u00eda exacto de la semana;<\/li>\n<li style=\"font-weight:400\">Cuenta regresiva de d\u00edas hasta el pr\u00f3ximo cumplea\u00f1os;<\/li>\n<li style=\"font-weight:400\">Signo del zodiaco (occidental y chino);<\/li>\n<li style=\"font-weight:400\">Celebridades que comparten su cumplea\u00f1os.<\/li>\n<\/ul>\n<h2>Descubra fascinantes conexiones de cumplea\u00f1os<\/h2>\n<ol>\n<li style=\"font-weight:400\">Signo zodiacal occidental: Aries, G\u00e9minis, Sagitario, etc.;<\/li>\n<li style=\"font-weight:400\">Zodiaco chino: Conejo, Serpiente, Caballo, etc.;<\/li>\n<li style=\"font-weight:400\">Celebridades que comparten su cumplea\u00f1os;<\/li>\n<li style=\"font-weight:400\">Eventos hist\u00f3ricos importantes en ese d\u00eda.<\/li>\n<\/ol>\n","protected":false},"excerpt":{"rendered":"<p>La herramienta de an\u00e1lisis de My-Timer convierte la informaci\u00f3n de su fecha de nacimiento en medidas de tiempo precisas. Su perfil de cumplea\u00f1os completo en segundos Simplemente ingrese su fecha de nacimiento y reciba instant\u00e1neamente un an\u00e1lisis completo que incluye: Desglose detallado de la edad: a\u00f1os, meses y d\u00edas; Pron\u00f3stico del pr\u00f3ximo cumplea\u00f1os: d\u00eda exacto [&hellip;]<\/p>\n","protected":false},"author":0,"featured_media":0,"parent":0,"menu_order":0,"comment_status":"closed","ping_status":"closed","template":"","meta":{"_acf_changed":false,"footnotes":""},"categories":[],"class_list":["post-418","page","type-page","status-publish","hentry"],"acf":[],"aioseo_notices":[],"_links":{"self":[{"href":"https:\/\/my-timer.com\/es\/wp-json\/wp\/v2\/pages\/418","targetHints":{"allow":["GET"]}}],"collection":[{"href":"https:\/\/my-timer.com\/es\/wp-json\/wp\/v2\/pages"}],"about":[{"href":"https:\/\/my-timer.com\/es\/wp-json\/wp\/v2\/types\/page"}],"replies":[{"embeddable":true,"href":"https:\/\/my-timer.com\/es\/wp-json\/wp\/v2\/comments?post=418"}],"version-history":[{"count":0,"href":"https:\/\/my-timer.com\/es\/wp-json\/wp\/v2\/pages\/418\/revisions"}],"wp:attachment":[{"href":"https:\/\/my-timer.com\/es\/wp-json\/wp\/v2\/media?parent=418"}],"wp:term":[{"taxonomy":"category","embeddable":true,"href":"https:\/\/my-timer.com\/es\/wp-json\/wp\/v2\/categories?post=418"}],"curies":[{"name":"wp","href":"https:\/\/api.w.org\/{rel}","templated":true}]}}