{"id":419,"date":"2026-04-17T12:49:20","date_gmt":"2026-04-17T09:49:20","guid":{"rendered":"https:\/\/my-timer.com\/es\/online-date-calculator\/"},"modified":"2026-04-17T12:49:20","modified_gmt":"2026-04-17T09:49:20","slug":"online-date-calculator","status":"publish","type":"page","link":"https:\/\/my-timer.com\/es\/online-date-calculator\/","title":{"rendered":"Calculadora de fechas"},"content":{"rendered":"<p>\u00bfNecesita saber qu\u00e9 fecha cae exactamente en 45 d\u00edas? La calculadora de fechas de My-Timer proporciona c\u00e1lculos r\u00e1pidos y precisos para cualquier pregunta relacionada con fechas.<\/p>\n<h2>C\u00e1lculos de fechas vers\u00e1tiles para cada necesidad<\/h2>\n<ul>\n<li style=\"font-weight:400\">Encontrar el n\u00famero exacto de d\u00edas entre dos fechas;<\/li>\n<li style=\"font-weight:400\">Calcular qu\u00e9 fecha ocurrir\u00e1 despu\u00e9s de agregar d\u00edas espec\u00edficos;<\/li>\n<li style=\"font-weight:400\">Opci\u00f3n de contar solo d\u00edas h\u00e1biles;<\/li>\n<li style=\"font-weight:400\">C\u00e1lculo en d\u00edas, semanas, meses o a\u00f1os.<\/li>\n<\/ul>\n<h2>Perfecto para planificaci\u00f3n personal y profesional<\/h2>\n<ol>\n<li style=\"font-weight:400\">Planificaci\u00f3n de proyectos: determinar hitos y plazos con precisi\u00f3n;<\/li>\n<li style=\"font-weight:400\">Seguimiento de plazos legales: fechas judiciales y plazos de presentaci\u00f3n;<\/li>\n<li style=\"font-weight:400\">Planificaci\u00f3n financiera: fechas de pago exactas y plazos de pr\u00e9stamos;<\/li>\n<li style=\"font-weight:400\">Plazos m\u00e9dicos: citas de seguimiento y horarios de medicamentos;<\/li>\n<li style=\"font-weight:400\">Planificaci\u00f3n de eventos: determinar fechas \u00f3ptimas.<\/li>\n<\/ol>\n","protected":false},"excerpt":{"rendered":"<p>\u00bfNecesita saber qu\u00e9 fecha cae exactamente en 45 d\u00edas? La calculadora de fechas de My-Timer proporciona c\u00e1lculos r\u00e1pidos y precisos para cualquier pregunta relacionada con fechas. C\u00e1lculos de fechas vers\u00e1tiles para cada necesidad Encontrar el n\u00famero exacto de d\u00edas entre dos fechas; Calcular qu\u00e9 fecha ocurrir\u00e1 despu\u00e9s de agregar d\u00edas espec\u00edficos; Opci\u00f3n de contar solo [&hellip;]<\/p>\n","protected":false},"author":0,"featured_media":0,"parent":0,"menu_order":0,"comment_status":"closed","ping_status":"closed","template":"","meta":{"_acf_changed":false,"footnotes":""},"categories":[],"class_list":["post-419","page","type-page","status-publish","hentry"],"acf":[],"aioseo_notices":[],"_links":{"self":[{"href":"https:\/\/my-timer.com\/es\/wp-json\/wp\/v2\/pages\/419","targetHints":{"allow":["GET"]}}],"collection":[{"href":"https:\/\/my-timer.com\/es\/wp-json\/wp\/v2\/pages"}],"about":[{"href":"https:\/\/my-timer.com\/es\/wp-json\/wp\/v2\/types\/page"}],"replies":[{"embeddable":true,"href":"https:\/\/my-timer.com\/es\/wp-json\/wp\/v2\/comments?post=419"}],"version-history":[{"count":0,"href":"https:\/\/my-timer.com\/es\/wp-json\/wp\/v2\/pages\/419\/revisions"}],"wp:attachment":[{"href":"https:\/\/my-timer.com\/es\/wp-json\/wp\/v2\/media?parent=419"}],"wp:term":[{"taxonomy":"category","embeddable":true,"href":"https:\/\/my-timer.com\/es\/wp-json\/wp\/v2\/categories?post=419"}],"curies":[{"name":"wp","href":"https:\/\/api.w.org\/{rel}","templated":true}]}}