{"id":420,"date":"2026-04-17T12:49:26","date_gmt":"2026-04-17T09:49:26","guid":{"rendered":"https:\/\/my-timer.com\/es\/calendar\/"},"modified":"2026-04-17T12:49:26","modified_gmt":"2026-04-17T09:49:26","slug":"calendar","status":"publish","type":"page","link":"https:\/\/my-timer.com\/es\/calendar\/","title":{"rendered":"Calendario online"},"content":{"rendered":"<p>Bienvenido a la base de datos de calendarios m\u00e1s completa de Internet. Nuestra colecci\u00f3n abarca m\u00e1s de dos siglos \u2014 de 1900 a 2100 para todos los pa\u00edses del mundo.<\/p>\n<h2>Qu\u00e9 hace especial nuestra base de datos de calendarios<\/h2>\n<p>Nuestro sistema cubre un impresionante per\u00edodo de 200 a\u00f1os. Esto es invaluable para:<\/p>\n<ul>\n<li style=\"font-weight:400\">Investigaci\u00f3n hist\u00f3rica y documentaci\u00f3n;<\/li>\n<li style=\"font-weight:400\">Proyectos de genealog\u00eda y construcci\u00f3n de \u00e1rboles geneal\u00f3gicos;<\/li>\n<li style=\"font-weight:400\">Estudios acad\u00e9micos que requieren verificaci\u00f3n precisa de fechas;<\/li>\n<li style=\"font-weight:400\">Planificaci\u00f3n empresarial para operaciones internacionales;<\/li>\n<li style=\"font-weight:400\">Seguimiento de hitos personales y planificaci\u00f3n de aniversarios.<\/li>\n<\/ul>\n<h2>C\u00f3mo usar nuestro calendario<\/h2>\n<ol>\n<li style=\"font-weight:400\">Seleccione el a\u00f1o deseado de nuestro rango completo;<\/li>\n<li style=\"font-weight:400\">Elija el pa\u00eds relevante para vistas de calendario localizadas;<\/li>\n<li style=\"font-weight:400\">Explore los dise\u00f1os mensuales o salte a las fechas.<\/li>\n<\/ol>\n","protected":false},"excerpt":{"rendered":"<p>Bienvenido a la base de datos de calendarios m\u00e1s completa de Internet. Nuestra colecci\u00f3n abarca m\u00e1s de dos siglos \u2014 de 1900 a 2100 para todos los pa\u00edses del mundo. Qu\u00e9 hace especial nuestra base de datos de calendarios Nuestro sistema cubre un impresionante per\u00edodo de 200 a\u00f1os. Esto es invaluable para: Investigaci\u00f3n hist\u00f3rica y [&hellip;]<\/p>\n","protected":false},"author":0,"featured_media":0,"parent":0,"menu_order":0,"comment_status":"closed","ping_status":"closed","template":"","meta":{"_acf_changed":false,"footnotes":""},"categories":[],"class_list":["post-420","page","type-page","status-publish","hentry"],"acf":[],"aioseo_notices":[],"_links":{"self":[{"href":"https:\/\/my-timer.com\/es\/wp-json\/wp\/v2\/pages\/420","targetHints":{"allow":["GET"]}}],"collection":[{"href":"https:\/\/my-timer.com\/es\/wp-json\/wp\/v2\/pages"}],"about":[{"href":"https:\/\/my-timer.com\/es\/wp-json\/wp\/v2\/types\/page"}],"replies":[{"embeddable":true,"href":"https:\/\/my-timer.com\/es\/wp-json\/wp\/v2\/comments?post=420"}],"version-history":[{"count":0,"href":"https:\/\/my-timer.com\/es\/wp-json\/wp\/v2\/pages\/420\/revisions"}],"wp:attachment":[{"href":"https:\/\/my-timer.com\/es\/wp-json\/wp\/v2\/media?parent=420"}],"wp:term":[{"taxonomy":"category","embeddable":true,"href":"https:\/\/my-timer.com\/es\/wp-json\/wp\/v2\/categories?post=420"}],"curies":[{"name":"wp","href":"https:\/\/api.w.org\/{rel}","templated":true}]}}