{"id":415,"date":"2026-04-17T12:47:49","date_gmt":"2026-04-17T09:47:49","guid":{"rendered":"https:\/\/my-timer.com\/fr\/stopwatch\/"},"modified":"2026-04-17T12:47:49","modified_gmt":"2026-04-17T09:47:49","slug":"stopwatch","status":"publish","type":"page","link":"https:\/\/my-timer.com\/fr\/stopwatch\/","title":{"rendered":"Chronom\u00e8tre en ligne"},"content":{"rendered":"<p>Vous cherchez un moyen simple de mesurer le temps avec pr\u00e9cision ? Notre chronom\u00e8tre en ligne ne n\u00e9cessite aucun t\u00e9l\u00e9chargement ni installation.<\/p>\n<h2>Chronom\u00e8tre num\u00e9rique en ligne : pr\u00e9cision maximale avec un effort minimal<\/h2>\n<p>Profitez d&rsquo;une pr\u00e9cision \u00e0 la fraction de seconde avec notre chronom\u00e8tre num\u00e9rique intuitif. Id\u00e9al pour :<\/p>\n<ul>\n<li style=\"font-weight:400\">Suivre les intervalles d&rsquo;entra\u00eenement et les routines d&rsquo;exercice;<\/li>\n<li style=\"font-weight:400\">Chronom\u00e9trer les pr\u00e9sentations et les discours;<\/li>\n<li style=\"font-weight:400\">G\u00e9rer les activit\u00e9s en classe et les examens;<\/li>\n<li style=\"font-weight:400\">Les sessions de productivit\u00e9 avec des techniques de gestion du temps;<\/li>\n<li style=\"font-weight:400\">L&rsquo;entra\u00eenement sportif et la mesure des performances;<\/li>\n<li style=\"font-weight:400\">Les exp\u00e9riences scientifiques n\u00e9cessitant un chronom\u00e9trage pr\u00e9cis;<\/li>\n<li style=\"font-weight:400\">Les s\u00e9ances de musique et les r\u00e9p\u00e9titions;<\/li>\n<li style=\"font-weight:400\">La m\u00e9ditation et les exercices de pleine conscience.<\/li>\n<\/ul>\n<h2>Chronom\u00e8tre analogique en ligne<\/h2>\n<p>Notre chronom\u00e8tre analogique combine le design classique avec la commodit\u00e9 de l&rsquo;acc\u00e8s en ligne :<\/p>\n<ul>\n<li style=\"font-weight:400\">Aiguille des secondes en mouvement pour le suivi visuel du temps;<\/li>\n<li style=\"font-weight:400\">Indicateurs clairs des minutes et des heures;<\/li>\n<li style=\"font-weight:400\">Commandes simples;<\/li>\n<li style=\"font-weight:400\">Animation fluide pour une exp\u00e9rience r\u00e9aliste.<\/li>\n<\/ul>\n<h2>Comment utiliser nos chronom\u00e8tres en ligne<\/h2>\n<ol>\n<li style=\"font-weight:400\">Choisissez votre style : affichage num\u00e9rique ou interface analogique;<\/li>\n<li style=\"font-weight:400\">Appuyez sur D\u00e9marrer \u2014 un simple clic lance le chronom\u00e8tre instantan\u00e9ment;<\/li>\n<li style=\"font-weight:400\">Pausez si n\u00e9cessaire \u2014 le bouton Stop fige le minuteur;<\/li>\n<li style=\"font-weight:400\">R\u00e9initialisez instantan\u00e9ment d&rsquo;un seul clic.<\/li>\n<\/ol>\n<h2>Explorez notre suite compl\u00e8te d&rsquo;outils de temps<\/h2>\n<ul>\n<li style=\"font-weight:400\"><a href=\"https:\/\/my-timer.com\/fr\/\">Minuteur<\/a>. Compte \u00e0 rebours pour la cuisine, les entra\u00eenements, les pr\u00e9sentations;<\/li>\n<li style=\"font-weight:400\"><a href=\"https:\/\/my-timer.com\/fr\/time-now\/\">Heure actuelle<\/a>. L&rsquo;heure pr\u00e9cise dans n&rsquo;importe quelle ville du monde;<\/li>\n<li style=\"font-weight:400\"><a href=\"https:\/\/my-timer.com\/fr\/calculate-birthday\/\">Calculateur d&rsquo;anniversaire<\/a>. D\u00e9couvrez des faits int\u00e9ressants sur votre date de naissance;<\/li>\n<li style=\"font-weight:400\"><a href=\"https:\/\/my-timer.com\/fr\/time-difference\/\">D\u00e9calage horaire<\/a>. Comparez instantan\u00e9ment l&rsquo;heure entre n&rsquo;importe quelles villes;<\/li>\n<li style=\"font-weight:400\"><a href=\"https:\/\/my-timer.com\/fr\/online-date-calculator\/\">Calculateur de dates<\/a>. Ajoutez ou soustrayez des jours, semaines, mois \u00e0 n&rsquo;importe quelle date;<\/li>\n<li style=\"font-weight:400\"><a href=\"https:\/\/my-timer.com\/fr\/calendar\/\">Calendrier<\/a>. Calendrier pratique pour la planification d&rsquo;\u00e9v\u00e9nements.<\/li>\n<\/ul>\n","protected":false},"excerpt":{"rendered":"<p>Vous cherchez un moyen simple de mesurer le temps avec pr\u00e9cision ? Notre chronom\u00e8tre en ligne ne n\u00e9cessite aucun t\u00e9l\u00e9chargement ni installation. Chronom\u00e8tre num\u00e9rique en ligne : pr\u00e9cision maximale avec un effort minimal Profitez d&rsquo;une pr\u00e9cision \u00e0 la fraction de seconde avec notre chronom\u00e8tre num\u00e9rique intuitif. Id\u00e9al pour : Suivre les intervalles d&rsquo;entra\u00eenement et les [&hellip;]<\/p>\n","protected":false},"author":0,"featured_media":0,"parent":0,"menu_order":0,"comment_status":"closed","ping_status":"closed","template":"","meta":{"_acf_changed":false,"footnotes":""},"categories":[],"class_list":["post-415","page","type-page","status-publish","hentry"],"acf":[],"aioseo_notices":[],"_links":{"self":[{"href":"https:\/\/my-timer.com\/fr\/wp-json\/wp\/v2\/pages\/415","targetHints":{"allow":["GET"]}}],"collection":[{"href":"https:\/\/my-timer.com\/fr\/wp-json\/wp\/v2\/pages"}],"about":[{"href":"https:\/\/my-timer.com\/fr\/wp-json\/wp\/v2\/types\/page"}],"replies":[{"embeddable":true,"href":"https:\/\/my-timer.com\/fr\/wp-json\/wp\/v2\/comments?post=415"}],"version-history":[{"count":0,"href":"https:\/\/my-timer.com\/fr\/wp-json\/wp\/v2\/pages\/415\/revisions"}],"wp:attachment":[{"href":"https:\/\/my-timer.com\/fr\/wp-json\/wp\/v2\/media?parent=415"}],"wp:term":[{"taxonomy":"category","embeddable":true,"href":"https:\/\/my-timer.com\/fr\/wp-json\/wp\/v2\/categories?post=415"}],"curies":[{"name":"wp","href":"https:\/\/api.w.org\/{rel}","templated":true}]}}