{"id":416,"date":"2026-04-17T12:47:53","date_gmt":"2026-04-17T09:47:53","guid":{"rendered":"https:\/\/my-timer.com\/fr\/time-now\/"},"modified":"2026-04-17T12:47:53","modified_gmt":"2026-04-17T09:47:53","slug":"time-now","status":"publish","type":"page","link":"https:\/\/my-timer.com\/fr\/time-now\/","title":{"rendered":"Heure actuelle"},"content":{"rendered":"<p>Acc\u00e9dez instantan\u00e9ment \u00e0 l&rsquo;heure pr\u00e9cise actuelle dans le monde entier. My-Timer.com fournit des informations horaires \u00e0 la seconde pr\u00e8s pour des centaines de villes dans le monde.<\/p>\n<h2>L&rsquo;heure locale \u2014 quand c&rsquo;est le plus important<\/h2>\n<p>Que vous soyez chez vous ou en voyage, notre outil \u00ab Heure actuelle \u00bb garantit que vous connaissez toujours l&rsquo;heure locale pr\u00e9cise. Le service s&rsquo;adapte automatiquement \u00e0 votre emplacement.<\/p>\n<p>Pour ceux qui coordonnent avec des personnes dans diff\u00e9rents fuseaux horaires, notre page affiche toutes les grandes villes sur un seul \u00e9cran \u2014 Londres, Tokyo, New York, Sydney et des dizaines d&rsquo;autres.<\/p>\n<h2>Outils suppl\u00e9mentaires<\/h2>\n<ul>\n<li style=\"font-weight:400\"><a href=\"https:\/\/my-timer.com\/fr\/\">Minuteur<\/a>. Comptes \u00e0 rebours pr\u00e9cis pour chaque t\u00e2che;<\/li>\n<li style=\"font-weight:400\"><a href=\"https:\/\/my-timer.com\/fr\/stopwatch\/\">Chronom\u00e8tre<\/a>. Mesurer le temps avec une pr\u00e9cision \u00e0 la milliseconde;<\/li>\n<li style=\"font-weight:400\"><a href=\"https:\/\/my-timer.com\/fr\/time-difference\/\">D\u00e9calage horaire<\/a>. Conna\u00eetre instantan\u00e9ment la diff\u00e9rence entre deux villes;<\/li>\n<li style=\"font-weight:400\"><a href=\"https:\/\/my-timer.com\/fr\/calculate-birthday\/\">Calculateur d&rsquo;anniversaire<\/a>. D\u00e9couvrir votre anniversaire et des faits int\u00e9ressants;<\/li>\n<li style=\"font-weight:400\"><a href=\"https:\/\/my-timer.com\/fr\/online-date-calculator\/\">Calculateur de dates<\/a>. Calculer des dates futures et pass\u00e9es;<\/li>\n<li style=\"font-weight:400\"><a href=\"https:\/\/my-timer.com\/fr\/calendar\/\">Calendrier<\/a>. Consulter les plans mensuels et marquer les dates importantes.<\/li>\n<\/ul>\n","protected":false},"excerpt":{"rendered":"<p>Acc\u00e9dez instantan\u00e9ment \u00e0 l&rsquo;heure pr\u00e9cise actuelle dans le monde entier. My-Timer.com fournit des informations horaires \u00e0 la seconde pr\u00e8s pour des centaines de villes dans le monde. L&rsquo;heure locale \u2014 quand c&rsquo;est le plus important Que vous soyez chez vous ou en voyage, notre outil \u00ab Heure actuelle \u00bb garantit que vous connaissez toujours l&rsquo;heure [&hellip;]<\/p>\n","protected":false},"author":0,"featured_media":0,"parent":0,"menu_order":0,"comment_status":"closed","ping_status":"closed","template":"","meta":{"_acf_changed":false,"footnotes":""},"categories":[],"class_list":["post-416","page","type-page","status-publish","hentry"],"acf":[],"aioseo_notices":[],"_links":{"self":[{"href":"https:\/\/my-timer.com\/fr\/wp-json\/wp\/v2\/pages\/416","targetHints":{"allow":["GET"]}}],"collection":[{"href":"https:\/\/my-timer.com\/fr\/wp-json\/wp\/v2\/pages"}],"about":[{"href":"https:\/\/my-timer.com\/fr\/wp-json\/wp\/v2\/types\/page"}],"replies":[{"embeddable":true,"href":"https:\/\/my-timer.com\/fr\/wp-json\/wp\/v2\/comments?post=416"}],"version-history":[{"count":0,"href":"https:\/\/my-timer.com\/fr\/wp-json\/wp\/v2\/pages\/416\/revisions"}],"wp:attachment":[{"href":"https:\/\/my-timer.com\/fr\/wp-json\/wp\/v2\/media?parent=416"}],"wp:term":[{"taxonomy":"category","embeddable":true,"href":"https:\/\/my-timer.com\/fr\/wp-json\/wp\/v2\/categories?post=416"}],"curies":[{"name":"wp","href":"https:\/\/api.w.org\/{rel}","templated":true}]}}