{"id":417,"date":"2026-04-17T12:47:57","date_gmt":"2026-04-17T09:47:57","guid":{"rendered":"https:\/\/my-timer.com\/fr\/time-difference\/"},"modified":"2026-04-17T12:47:57","modified_gmt":"2026-04-17T09:47:57","slug":"time-difference","status":"publish","type":"page","link":"https:\/\/my-timer.com\/fr\/time-difference\/","title":{"rendered":"D\u00e9calage horaire"},"content":{"rendered":"<p>V\u00e9rifiez le d\u00e9calage horaire entre les villes du monde en ligne avec notre outil convivial.<\/p>\n<h2>Comment v\u00e9rifier le d\u00e9calage horaire en ligne<\/h2>\n<p>Besoin de planifier des appels internationaux ? S\u00e9lectionnez simplement deux villes \u2014 notre outil affiche instantan\u00e9ment le d\u00e9calage horaire en tenant compte de l&rsquo;heure d&rsquo;\u00e9t\u00e9.<\/p>\n<h2>Pourquoi le d\u00e9calage horaire est important<\/h2>\n<ul>\n<li style=\"font-weight:400\">Planifier des r\u00e9unions internationales efficaces \u00e0 des heures appropri\u00e9es;<\/li>\n<li style=\"font-weight:400\">\u00c9viter de d\u00e9ranger des coll\u00e8gues ou la famille pendant leurs heures de sommeil;<\/li>\n<li style=\"font-weight:400\">Planifier des itin\u00e9raires de voyage en tenant compte des ajustements de temps;<\/li>\n<li style=\"font-weight:400\">G\u00e9rer des \u00e9quipes \u00e0 distance sur diff\u00e9rents continents.<\/li>\n<\/ul>\n<h2>FAQ<\/h2>\n<ol>\n<li><strong>Comment v\u00e9rifier le d\u00e9calage horaire en ligne ?<\/strong> S\u00e9lectionnez simplement votre ville d&rsquo;origine et votre destination. Notre calculateur affiche instantan\u00e9ment l&rsquo;heure actuelle dans les deux endroits et la diff\u00e9rence exacte.<\/li>\n<li><strong>Quelle est la pr\u00e9cision du calculateur de d\u00e9calage horaire ?<\/strong> Notre calculateur est synchronis\u00e9 avec les normes horaires internationales et mis \u00e0 jour en temps r\u00e9el.<\/li>\n<\/ol>\n","protected":false},"excerpt":{"rendered":"<p>V\u00e9rifiez le d\u00e9calage horaire entre les villes du monde en ligne avec notre outil convivial. Comment v\u00e9rifier le d\u00e9calage horaire en ligne Besoin de planifier des appels internationaux ? S\u00e9lectionnez simplement deux villes \u2014 notre outil affiche instantan\u00e9ment le d\u00e9calage horaire en tenant compte de l&rsquo;heure d&rsquo;\u00e9t\u00e9. Pourquoi le d\u00e9calage horaire est important Planifier des [&hellip;]<\/p>\n","protected":false},"author":0,"featured_media":0,"parent":0,"menu_order":0,"comment_status":"closed","ping_status":"closed","template":"","meta":{"_acf_changed":false,"footnotes":""},"categories":[],"class_list":["post-417","page","type-page","status-publish","hentry"],"acf":[],"aioseo_notices":[],"_links":{"self":[{"href":"https:\/\/my-timer.com\/fr\/wp-json\/wp\/v2\/pages\/417","targetHints":{"allow":["GET"]}}],"collection":[{"href":"https:\/\/my-timer.com\/fr\/wp-json\/wp\/v2\/pages"}],"about":[{"href":"https:\/\/my-timer.com\/fr\/wp-json\/wp\/v2\/types\/page"}],"replies":[{"embeddable":true,"href":"https:\/\/my-timer.com\/fr\/wp-json\/wp\/v2\/comments?post=417"}],"version-history":[{"count":0,"href":"https:\/\/my-timer.com\/fr\/wp-json\/wp\/v2\/pages\/417\/revisions"}],"wp:attachment":[{"href":"https:\/\/my-timer.com\/fr\/wp-json\/wp\/v2\/media?parent=417"}],"wp:term":[{"taxonomy":"category","embeddable":true,"href":"https:\/\/my-timer.com\/fr\/wp-json\/wp\/v2\/categories?post=417"}],"curies":[{"name":"wp","href":"https:\/\/api.w.org\/{rel}","templated":true}]}}