{"id":418,"date":"2026-04-17T12:48:02","date_gmt":"2026-04-17T09:48:02","guid":{"rendered":"https:\/\/my-timer.com\/fr\/calculate-birthday\/"},"modified":"2026-04-17T12:48:02","modified_gmt":"2026-04-17T09:48:02","slug":"calculate-birthday","status":"publish","type":"page","link":"https:\/\/my-timer.com\/fr\/calculate-birthday\/","title":{"rendered":"Calculateur d&rsquo;anniversaire"},"content":{"rendered":"<p>L&rsquo;outil d&rsquo;analyse My-Timer convertit vos informations de date de naissance en mesures temporelles pr\u00e9cises.<\/p>\n<h2>Votre profil d&rsquo;anniversaire complet en quelques secondes<\/h2>\n<p>Entrez simplement votre date de naissance et recevez instantan\u00e9ment une analyse compl\u00e8te comprenant:<\/p>\n<ul>\n<li style=\"font-weight:400\">Ventilation d\u00e9taill\u00e9e de l&rsquo;\u00e2ge: ann\u00e9es, mois et jours;<\/li>\n<li style=\"font-weight:400\">Pr\u00e9vision du prochain anniversaire: jour exact de la semaine;<\/li>\n<li style=\"font-weight:400\">Compte \u00e0 rebours des jours jusqu&rsquo;au prochain anniversaire;<\/li>\n<li style=\"font-weight:400\">Signe du zodiaque (occidental et chinois);<\/li>\n<li style=\"font-weight:400\">Personnalit\u00e9s c\u00e9l\u00e8bres partageant votre anniversaire.<\/li>\n<\/ul>\n<h2>D\u00e9couvrez des connexions d&rsquo;anniversaire fascinantes<\/h2>\n<ol>\n<li style=\"font-weight:400\">Signe du zodiaque occidental: B\u00e9lier, G\u00e9meaux, Sagittaire, etc.;<\/li>\n<li style=\"font-weight:400\">Zodiaque chinois: Lapin, Serpent, Cheval, etc.;<\/li>\n<li style=\"font-weight:400\">C\u00e9l\u00e9brit\u00e9s partageant votre anniversaire;<\/li>\n<li style=\"font-weight:400\">\u00c9v\u00e9nements historiques importants ce jour-l\u00e0.<\/li>\n<\/ol>\n","protected":false},"excerpt":{"rendered":"<p>L&rsquo;outil d&rsquo;analyse My-Timer convertit vos informations de date de naissance en mesures temporelles pr\u00e9cises. Votre profil d&rsquo;anniversaire complet en quelques secondes Entrez simplement votre date de naissance et recevez instantan\u00e9ment une analyse compl\u00e8te comprenant: Ventilation d\u00e9taill\u00e9e de l&rsquo;\u00e2ge: ann\u00e9es, mois et jours; Pr\u00e9vision du prochain anniversaire: jour exact de la semaine; Compte \u00e0 rebours des [&hellip;]<\/p>\n","protected":false},"author":0,"featured_media":0,"parent":0,"menu_order":0,"comment_status":"closed","ping_status":"closed","template":"","meta":{"_acf_changed":false,"footnotes":""},"categories":[],"class_list":["post-418","page","type-page","status-publish","hentry"],"acf":[],"aioseo_notices":[],"_links":{"self":[{"href":"https:\/\/my-timer.com\/fr\/wp-json\/wp\/v2\/pages\/418","targetHints":{"allow":["GET"]}}],"collection":[{"href":"https:\/\/my-timer.com\/fr\/wp-json\/wp\/v2\/pages"}],"about":[{"href":"https:\/\/my-timer.com\/fr\/wp-json\/wp\/v2\/types\/page"}],"replies":[{"embeddable":true,"href":"https:\/\/my-timer.com\/fr\/wp-json\/wp\/v2\/comments?post=418"}],"version-history":[{"count":0,"href":"https:\/\/my-timer.com\/fr\/wp-json\/wp\/v2\/pages\/418\/revisions"}],"wp:attachment":[{"href":"https:\/\/my-timer.com\/fr\/wp-json\/wp\/v2\/media?parent=418"}],"wp:term":[{"taxonomy":"category","embeddable":true,"href":"https:\/\/my-timer.com\/fr\/wp-json\/wp\/v2\/categories?post=418"}],"curies":[{"name":"wp","href":"https:\/\/api.w.org\/{rel}","templated":true}]}}