{"id":419,"date":"2026-04-17T12:48:10","date_gmt":"2026-04-17T09:48:10","guid":{"rendered":"https:\/\/my-timer.com\/fr\/online-date-calculator\/"},"modified":"2026-04-17T12:48:10","modified_gmt":"2026-04-17T09:48:10","slug":"online-date-calculator","status":"publish","type":"page","link":"https:\/\/my-timer.com\/fr\/online-date-calculator\/","title":{"rendered":"Calculateur de dates"},"content":{"rendered":"<p>Besoin de savoir quelle date tombe exactement dans 45 jours ? Le calculateur de dates My-Timer fournit des calculs rapides et pr\u00e9cis pour toute question li\u00e9e aux dates.<\/p>\n<h2>Calculs de dates polyvalents pour tous les besoins<\/h2>\n<ul>\n<li style=\"font-weight:400\">Trouver le nombre exact de jours entre deux dates;<\/li>\n<li style=\"font-weight:400\">Calculer quelle date tombera apr\u00e8s un nombre sp\u00e9cifique de jours;<\/li>\n<li style=\"font-weight:400\">Option pour ne compter que les jours ouvrables;<\/li>\n<li style=\"font-weight:400\">Calcul en jours, semaines, mois ou ann\u00e9es.<\/li>\n<\/ul>\n<h2>Id\u00e9al pour la planification personnelle et professionnelle<\/h2>\n<ol>\n<li style=\"font-weight:400\">Planification de projets: d\u00e9terminer les jalons et les d\u00e9lais;<\/li>\n<li style=\"font-weight:400\">Suivi des d\u00e9lais l\u00e9gaux: dates de tribunal et d\u00e9lais de d\u00e9p\u00f4t;<\/li>\n<li style=\"font-weight:400\">Planification financi\u00e8re: dates de paiement et dur\u00e9es de pr\u00eat;<\/li>\n<li style=\"font-weight:400\">D\u00e9lais m\u00e9dicaux: dates de suivi et calendriers de m\u00e9dicaments;<\/li>\n<li style=\"font-weight:400\">Planification d&rsquo;\u00e9v\u00e9nements: d\u00e9terminer les dates optimales.<\/li>\n<\/ol>\n","protected":false},"excerpt":{"rendered":"<p>Besoin de savoir quelle date tombe exactement dans 45 jours ? Le calculateur de dates My-Timer fournit des calculs rapides et pr\u00e9cis pour toute question li\u00e9e aux dates. Calculs de dates polyvalents pour tous les besoins Trouver le nombre exact de jours entre deux dates; Calculer quelle date tombera apr\u00e8s un nombre sp\u00e9cifique de jours; [&hellip;]<\/p>\n","protected":false},"author":0,"featured_media":0,"parent":0,"menu_order":0,"comment_status":"closed","ping_status":"closed","template":"","meta":{"_acf_changed":false,"footnotes":""},"categories":[],"class_list":["post-419","page","type-page","status-publish","hentry"],"acf":[],"aioseo_notices":[],"_links":{"self":[{"href":"https:\/\/my-timer.com\/fr\/wp-json\/wp\/v2\/pages\/419","targetHints":{"allow":["GET"]}}],"collection":[{"href":"https:\/\/my-timer.com\/fr\/wp-json\/wp\/v2\/pages"}],"about":[{"href":"https:\/\/my-timer.com\/fr\/wp-json\/wp\/v2\/types\/page"}],"replies":[{"embeddable":true,"href":"https:\/\/my-timer.com\/fr\/wp-json\/wp\/v2\/comments?post=419"}],"version-history":[{"count":0,"href":"https:\/\/my-timer.com\/fr\/wp-json\/wp\/v2\/pages\/419\/revisions"}],"wp:attachment":[{"href":"https:\/\/my-timer.com\/fr\/wp-json\/wp\/v2\/media?parent=419"}],"wp:term":[{"taxonomy":"category","embeddable":true,"href":"https:\/\/my-timer.com\/fr\/wp-json\/wp\/v2\/categories?post=419"}],"curies":[{"name":"wp","href":"https:\/\/api.w.org\/{rel}","templated":true}]}}