{"id":420,"date":"2026-04-17T12:48:15","date_gmt":"2026-04-17T09:48:15","guid":{"rendered":"https:\/\/my-timer.com\/fr\/calendar\/"},"modified":"2026-04-17T12:48:15","modified_gmt":"2026-04-17T09:48:15","slug":"calendar","status":"publish","type":"page","link":"https:\/\/my-timer.com\/fr\/calendar\/","title":{"rendered":"Calendrier en ligne"},"content":{"rendered":"<p>Bienvenue dans la base de donn\u00e9es de calendriers la plus compl\u00e8te d&rsquo;Internet. Notre collection couvre plus de deux si\u00e8cles \u2014 de 1900 \u00e0 2100 pour tous les pays du monde.<\/p>\n<h2>Ce qui rend notre base de donn\u00e9es de calendriers sp\u00e9ciale<\/h2>\n<p>Notre syst\u00e8me couvre une impressionnante p\u00e9riode de 200 ans. C&rsquo;est inestimable pour :<\/p>\n<ul>\n<li style=\"font-weight:400\">La recherche historique et la documentation;<\/li>\n<li style=\"font-weight:400\">Les projets de g\u00e9n\u00e9alogie et la construction d&rsquo;arbres g\u00e9n\u00e9alogiques;<\/li>\n<li style=\"font-weight:400\">Les \u00e9tudes acad\u00e9miques n\u00e9cessitant une v\u00e9rification pr\u00e9cise des dates;<\/li>\n<li style=\"font-weight:400\">La planification commerciale pour les op\u00e9rations internationales;<\/li>\n<li style=\"font-weight:400\">Le suivi des jalons personnels et la planification des anniversaires.<\/li>\n<\/ul>\n<h2>Comment utiliser notre calendrier<\/h2>\n<ol>\n<li style=\"font-weight:400\">S\u00e9lectionnez l&rsquo;ann\u00e9e souhait\u00e9e dans notre gamme compl\u00e8te;<\/li>\n<li style=\"font-weight:400\">Choisissez le pays concern\u00e9 pour des vues de calendrier localis\u00e9es;<\/li>\n<li style=\"font-weight:400\">Parcourez les mises en page mensuelles ou acc\u00e9dez directement aux dates.<\/li>\n<\/ol>\n","protected":false},"excerpt":{"rendered":"<p>Bienvenue dans la base de donn\u00e9es de calendriers la plus compl\u00e8te d&rsquo;Internet. Notre collection couvre plus de deux si\u00e8cles \u2014 de 1900 \u00e0 2100 pour tous les pays du monde. Ce qui rend notre base de donn\u00e9es de calendriers sp\u00e9ciale Notre syst\u00e8me couvre une impressionnante p\u00e9riode de 200 ans. C&rsquo;est inestimable pour : La recherche [&hellip;]<\/p>\n","protected":false},"author":0,"featured_media":0,"parent":0,"menu_order":0,"comment_status":"closed","ping_status":"closed","template":"","meta":{"_acf_changed":false,"footnotes":""},"categories":[],"class_list":["post-420","page","type-page","status-publish","hentry"],"acf":[],"aioseo_notices":[],"_links":{"self":[{"href":"https:\/\/my-timer.com\/fr\/wp-json\/wp\/v2\/pages\/420","targetHints":{"allow":["GET"]}}],"collection":[{"href":"https:\/\/my-timer.com\/fr\/wp-json\/wp\/v2\/pages"}],"about":[{"href":"https:\/\/my-timer.com\/fr\/wp-json\/wp\/v2\/types\/page"}],"replies":[{"embeddable":true,"href":"https:\/\/my-timer.com\/fr\/wp-json\/wp\/v2\/comments?post=420"}],"version-history":[{"count":0,"href":"https:\/\/my-timer.com\/fr\/wp-json\/wp\/v2\/pages\/420\/revisions"}],"wp:attachment":[{"href":"https:\/\/my-timer.com\/fr\/wp-json\/wp\/v2\/media?parent=420"}],"wp:term":[{"taxonomy":"category","embeddable":true,"href":"https:\/\/my-timer.com\/fr\/wp-json\/wp\/v2\/categories?post=420"}],"curies":[{"name":"wp","href":"https:\/\/api.w.org\/{rel}","templated":true}]}}