{"id":415,"date":"2026-04-17T12:48:19","date_gmt":"2026-04-17T09:48:19","guid":{"rendered":"https:\/\/my-timer.com\/pl\/stopwatch\/"},"modified":"2026-04-17T12:48:19","modified_gmt":"2026-04-17T09:48:19","slug":"stopwatch","status":"publish","type":"page","link":"https:\/\/my-timer.com\/pl\/stopwatch\/","title":{"rendered":"Stoper online"},"content":{"rendered":"<p>Szukasz wygodnego sposobu na precyzyjne mierzenie czasu? Nasz stoper online nie wymaga pobierania ani instalacji.<\/p>\n<h2>Cyfrowy stoper online: maksymalna precyzja przy minimalnym wysi\u0142ku<\/h2>\n<p>Do\u015bwiadcz dok\u0142adno\u015bci u\u0142amkowych sekund z naszym intuicyjnym stoperem cyfrowym. Idealny do:<\/p>\n<ul>\n<li style=\"font-weight:400\">\u015aledzenia przerw treningowych i rutyn \u0107wicze\u0144;<\/li>\n<li style=\"font-weight:400\">Mierzenia czasu prezentacji i przem\u00f3wie\u0144;<\/li>\n<li style=\"font-weight:400\">Zarz\u0105dzania zaj\u0119ciami w klasie i egzaminami;<\/li>\n<li style=\"font-weight:400\">Sesji produktywno\u015bci z technikami zarz\u0105dzania czasem;<\/li>\n<li style=\"font-weight:400\">Treningu sportowego i pomiaru wynik\u00f3w;<\/li>\n<li style=\"font-weight:400\">Eksperyment\u00f3w naukowych wymagaj\u0105cych precyzyjnego pomiaru czasu;<\/li>\n<li style=\"font-weight:400\">Sesji \u0107wicze\u0144 muzycznych i pr\u00f3b;<\/li>\n<li style=\"font-weight:400\">Medytacji i \u0107wicze\u0144 uwa\u017cno\u015bci.<\/li>\n<\/ul>\n<h2>Analogowy stoper online<\/h2>\n<p>Nasz stoper analogowy \u0142\u0105czy klasyczny design z wygod\u0105 dost\u0119pu online:<\/p>\n<ul>\n<li style=\"font-weight:400\">Ruchoma wskaz\u00f3wka sekund do wizualnego \u015bledzenia czasu;<\/li>\n<li style=\"font-weight:400\">Wyra\u017ane wska\u017aniki minut i godzin;<\/li>\n<li style=\"font-weight:400\">Proste elementy sterowania;<\/li>\n<li style=\"font-weight:400\">P\u0142ynna animacja dla realistycznego do\u015bwiadczenia.<\/li>\n<\/ul>\n<h2>Jak korzysta\u0107 z naszych stopien\u00f3w online<\/h2>\n<ol>\n<li style=\"font-weight:400\">Wybierz styl: cyfrowy lub analogowy;<\/li>\n<li style=\"font-weight:400\">Naci\u015bnij Start \u2014 jedno klikni\u0119cie uruchamia stoper natychmiast;<\/li>\n<li style=\"font-weight:400\">Wstrzymaj w razie potrzeby \u2014 przycisk Stop zatrzymuje timer;<\/li>\n<li style=\"font-weight:400\">Zresetuj natychmiast jednym klikni\u0119ciem.<\/li>\n<\/ol>\n<h2>Odkryj nasz\u0105 pe\u0142n\u0105 gam\u0119 narz\u0119dzi czasowych<\/h2>\n<ul>\n<li style=\"font-weight:400\"><a href=\"https:\/\/my-timer.com\/pl\/\">Timer<\/a>. Odliczanie dla gotowania, trening\u00f3w, prezentacji;<\/li>\n<li style=\"font-weight:400\"><a href=\"https:\/\/my-timer.com\/pl\/time-now\/\">Aktualna godzina<\/a>. Dok\u0142adna aktualna godzina w ka\u017cdym mie\u015bcie \u015bwiata;<\/li>\n<li style=\"font-weight:400\"><a href=\"https:\/\/my-timer.com\/pl\/calculate-birthday\/\">Kalkulator urodzin<\/a>. Odkryj ciekawe fakty o swojej dacie urodzenia;<\/li>\n<li style=\"font-weight:400\"><a href=\"https:\/\/my-timer.com\/pl\/time-difference\/\">R\u00f3\u017cnica czasu<\/a>. Natychmiast por\u00f3wnaj czas mi\u0119dzy dowolnymi miastami;<\/li>\n<li style=\"font-weight:400\"><a href=\"https:\/\/my-timer.com\/pl\/online-date-calculator\/\">Kalkulator dat<\/a>. Dodaj lub odejmij dni, tygodnie, miesi\u0105ce od dowolnej daty;<\/li>\n<li style=\"font-weight:400\"><a href=\"https:\/\/my-timer.com\/pl\/calendar\/\">Kalendarz<\/a>. Przejrzysty kalendarz do planowania wydarze\u0144.<\/li>\n<\/ul>\n","protected":false},"excerpt":{"rendered":"<p>Szukasz wygodnego sposobu na precyzyjne mierzenie czasu? Nasz stoper online nie wymaga pobierania ani instalacji. Cyfrowy stoper online: maksymalna precyzja przy minimalnym wysi\u0142ku Do\u015bwiadcz dok\u0142adno\u015bci u\u0142amkowych sekund z naszym intuicyjnym stoperem cyfrowym. Idealny do: \u015aledzenia przerw treningowych i rutyn \u0107wicze\u0144; Mierzenia czasu prezentacji i przem\u00f3wie\u0144; Zarz\u0105dzania zaj\u0119ciami w klasie i egzaminami; Sesji produktywno\u015bci z technikami [&hellip;]<\/p>\n","protected":false},"author":0,"featured_media":0,"parent":0,"menu_order":0,"comment_status":"closed","ping_status":"closed","template":"","meta":{"_acf_changed":false,"footnotes":""},"categories":[],"class_list":["post-415","page","type-page","status-publish","hentry"],"acf":[],"aioseo_notices":[],"_links":{"self":[{"href":"https:\/\/my-timer.com\/pl\/wp-json\/wp\/v2\/pages\/415","targetHints":{"allow":["GET"]}}],"collection":[{"href":"https:\/\/my-timer.com\/pl\/wp-json\/wp\/v2\/pages"}],"about":[{"href":"https:\/\/my-timer.com\/pl\/wp-json\/wp\/v2\/types\/page"}],"replies":[{"embeddable":true,"href":"https:\/\/my-timer.com\/pl\/wp-json\/wp\/v2\/comments?post=415"}],"version-history":[{"count":0,"href":"https:\/\/my-timer.com\/pl\/wp-json\/wp\/v2\/pages\/415\/revisions"}],"wp:attachment":[{"href":"https:\/\/my-timer.com\/pl\/wp-json\/wp\/v2\/media?parent=415"}],"wp:term":[{"taxonomy":"category","embeddable":true,"href":"https:\/\/my-timer.com\/pl\/wp-json\/wp\/v2\/categories?post=415"}],"curies":[{"name":"wp","href":"https:\/\/api.w.org\/{rel}","templated":true}]}}