{"id":416,"date":"2026-04-17T12:48:24","date_gmt":"2026-04-17T09:48:24","guid":{"rendered":"https:\/\/my-timer.com\/pl\/time-now\/"},"modified":"2026-04-17T12:48:24","modified_gmt":"2026-04-17T09:48:24","slug":"time-now","status":"publish","type":"page","link":"https:\/\/my-timer.com\/pl\/time-now\/","title":{"rendered":"Aktualna godzina"},"content":{"rendered":"<p>Uzyskaj natychmiastowy dost\u0119p do dok\u0142adnej aktualnej godziny na ca\u0142ym \u015bwiecie. My-Timer.com zapewnia informacje o czasie z dok\u0142adno\u015bci\u0105 do sekundy dla setek miast na ca\u0142ym \u015bwiecie.<\/p>\n<h2>Czas lokalny \u2014 kiedy jest najwa\u017cniejszy<\/h2>\n<p>Niezale\u017cnie od tego, czy jeste\u015b w domu, czy w podr\u00f3\u017cy, nasze narz\u0119dzie \u00abAktualna godzina\u00bb gwarantuje, \u017ce zawsze znasz dok\u0142adny czas lokalny. Serwis automatycznie dostosowuje si\u0119 do Twojej lokalizacji.<\/p>\n<h2>Dodatkowe narz\u0119dzia<\/h2>\n<ul>\n<li style=\"font-weight:400\"><a href=\"https:\/\/my-timer.com\/pl\/\">Timer<\/a>. Precyzyjne odliczanie dla ka\u017cdego zadania;<\/li>\n<li style=\"font-weight:400\"><a href=\"https:\/\/my-timer.com\/pl\/stopwatch\/\">Stoper<\/a>. Mierz czas z dok\u0142adno\u015bci\u0105 do milisekund;<\/li>\n<li style=\"font-weight:400\"><a href=\"https:\/\/my-timer.com\/pl\/time-difference\/\">R\u00f3\u017cnica czasu<\/a>. Natychmiast poznaj r\u00f3\u017cnic\u0119 mi\u0119dzy dowolnymi dwoma miastami;<\/li>\n<li style=\"font-weight:400\"><a href=\"https:\/\/my-timer.com\/pl\/calculate-birthday\/\">Kalkulator urodzin<\/a>. Odkryj swoje urodziny i ciekawe fakty;<\/li>\n<li style=\"font-weight:400\"><a href=\"https:\/\/my-timer.com\/pl\/online-date-calculator\/\">Kalkulator dat<\/a>. Oblicz przysz\u0142e i przesz\u0142e daty;<\/li>\n<li style=\"font-weight:400\"><a href=\"https:\/\/my-timer.com\/pl\/calendar\/\">Kalendarz<\/a>. Przegl\u0105daj plany miesi\u0119czne i zaznaczaj wa\u017cne daty.<\/li>\n<\/ul>\n","protected":false},"excerpt":{"rendered":"<p>Uzyskaj natychmiastowy dost\u0119p do dok\u0142adnej aktualnej godziny na ca\u0142ym \u015bwiecie. My-Timer.com zapewnia informacje o czasie z dok\u0142adno\u015bci\u0105 do sekundy dla setek miast na ca\u0142ym \u015bwiecie. Czas lokalny \u2014 kiedy jest najwa\u017cniejszy Niezale\u017cnie od tego, czy jeste\u015b w domu, czy w podr\u00f3\u017cy, nasze narz\u0119dzie \u00abAktualna godzina\u00bb gwarantuje, \u017ce zawsze znasz dok\u0142adny czas lokalny. Serwis automatycznie dostosowuje [&hellip;]<\/p>\n","protected":false},"author":0,"featured_media":0,"parent":0,"menu_order":0,"comment_status":"closed","ping_status":"closed","template":"","meta":{"_acf_changed":false,"footnotes":""},"categories":[],"class_list":["post-416","page","type-page","status-publish","hentry"],"acf":[],"aioseo_notices":[],"_links":{"self":[{"href":"https:\/\/my-timer.com\/pl\/wp-json\/wp\/v2\/pages\/416","targetHints":{"allow":["GET"]}}],"collection":[{"href":"https:\/\/my-timer.com\/pl\/wp-json\/wp\/v2\/pages"}],"about":[{"href":"https:\/\/my-timer.com\/pl\/wp-json\/wp\/v2\/types\/page"}],"replies":[{"embeddable":true,"href":"https:\/\/my-timer.com\/pl\/wp-json\/wp\/v2\/comments?post=416"}],"version-history":[{"count":0,"href":"https:\/\/my-timer.com\/pl\/wp-json\/wp\/v2\/pages\/416\/revisions"}],"wp:attachment":[{"href":"https:\/\/my-timer.com\/pl\/wp-json\/wp\/v2\/media?parent=416"}],"wp:term":[{"taxonomy":"category","embeddable":true,"href":"https:\/\/my-timer.com\/pl\/wp-json\/wp\/v2\/categories?post=416"}],"curies":[{"name":"wp","href":"https:\/\/api.w.org\/{rel}","templated":true}]}}