{"id":417,"date":"2026-04-17T12:48:30","date_gmt":"2026-04-17T09:48:30","guid":{"rendered":"https:\/\/my-timer.com\/pl\/time-difference\/"},"modified":"2026-04-17T12:48:30","modified_gmt":"2026-04-17T09:48:30","slug":"time-difference","status":"publish","type":"page","link":"https:\/\/my-timer.com\/pl\/time-difference\/","title":{"rendered":"R\u00f3\u017cnica czasu"},"content":{"rendered":"<p>Sprawd\u017a r\u00f3\u017cnic\u0119 czasu mi\u0119dzy miastami na \u015bwiecie online za pomoc\u0105 naszego przyjaznego narz\u0119dzia.<\/p>\n<h2>Jak sprawdzi\u0107 r\u00f3\u017cnic\u0119 czasu online<\/h2>\n<p>Musisz zaplanowa\u0107 mi\u0119dzynarodowe rozmowy? Po prostu wybierz dwa miasta \u2014 nasze narz\u0119dzie natychmiast poka\u017ce r\u00f3\u017cnic\u0119 czasu z uwzgl\u0119dnieniem czasu letniego.<\/p>\n<h2>Dlaczego r\u00f3\u017cnica czasu jest wa\u017cna<\/h2>\n<ul>\n<li style=\"font-weight:400\">Planowanie efektywnych spotka\u0144 mi\u0119dzynarodowych w odpowiednich godzinach;<\/li>\n<li style=\"font-weight:400\">Unikanie zak\u0142\u00f3cania snu koleg\u00f3w lub rodziny;<\/li>\n<li style=\"font-weight:400\">Planowanie tras podr\u00f3\u017cy z uwzgl\u0119dnieniem korekt czasu;<\/li>\n<li style=\"font-weight:400\">Zarz\u0105dzanie zdalnymi zespo\u0142ami na r\u00f3\u017cnych kontynentach.<\/li>\n<\/ul>\n<h2>FAQ<\/h2>\n<ol>\n<li><strong>Jak sprawdzi\u0107 r\u00f3\u017cnic\u0119 czasu online?<\/strong> Po prostu wybierz miasto \u017ar\u00f3d\u0142owe i docelowe. Nasz kalkulator natychmiast pokazuje aktualny czas w obu miejscach i dok\u0142adn\u0105 r\u00f3\u017cnic\u0119.<\/li>\n<li><strong>Jak dok\u0142adny jest kalkulator r\u00f3\u017cnicy czasu?<\/strong> Nasz kalkulator jest zsynchronizowany z mi\u0119dzynarodowymi standardami czasu i aktualizowany w czasie rzeczywistym.<\/li>\n<\/ol>\n","protected":false},"excerpt":{"rendered":"<p>Sprawd\u017a r\u00f3\u017cnic\u0119 czasu mi\u0119dzy miastami na \u015bwiecie online za pomoc\u0105 naszego przyjaznego narz\u0119dzia. Jak sprawdzi\u0107 r\u00f3\u017cnic\u0119 czasu online Musisz zaplanowa\u0107 mi\u0119dzynarodowe rozmowy? Po prostu wybierz dwa miasta \u2014 nasze narz\u0119dzie natychmiast poka\u017ce r\u00f3\u017cnic\u0119 czasu z uwzgl\u0119dnieniem czasu letniego. Dlaczego r\u00f3\u017cnica czasu jest wa\u017cna Planowanie efektywnych spotka\u0144 mi\u0119dzynarodowych w odpowiednich godzinach; Unikanie zak\u0142\u00f3cania snu koleg\u00f3w lub [&hellip;]<\/p>\n","protected":false},"author":0,"featured_media":0,"parent":0,"menu_order":0,"comment_status":"closed","ping_status":"closed","template":"","meta":{"_acf_changed":false,"footnotes":""},"categories":[],"class_list":["post-417","page","type-page","status-publish","hentry"],"acf":[],"aioseo_notices":[],"_links":{"self":[{"href":"https:\/\/my-timer.com\/pl\/wp-json\/wp\/v2\/pages\/417","targetHints":{"allow":["GET"]}}],"collection":[{"href":"https:\/\/my-timer.com\/pl\/wp-json\/wp\/v2\/pages"}],"about":[{"href":"https:\/\/my-timer.com\/pl\/wp-json\/wp\/v2\/types\/page"}],"replies":[{"embeddable":true,"href":"https:\/\/my-timer.com\/pl\/wp-json\/wp\/v2\/comments?post=417"}],"version-history":[{"count":0,"href":"https:\/\/my-timer.com\/pl\/wp-json\/wp\/v2\/pages\/417\/revisions"}],"wp:attachment":[{"href":"https:\/\/my-timer.com\/pl\/wp-json\/wp\/v2\/media?parent=417"}],"wp:term":[{"taxonomy":"category","embeddable":true,"href":"https:\/\/my-timer.com\/pl\/wp-json\/wp\/v2\/categories?post=417"}],"curies":[{"name":"wp","href":"https:\/\/api.w.org\/{rel}","templated":true}]}}