{"id":418,"date":"2026-04-17T12:48:35","date_gmt":"2026-04-17T09:48:35","guid":{"rendered":"https:\/\/my-timer.com\/pl\/calculate-birthday\/"},"modified":"2026-04-17T12:48:35","modified_gmt":"2026-04-17T09:48:35","slug":"calculate-birthday","status":"publish","type":"page","link":"https:\/\/my-timer.com\/pl\/calculate-birthday\/","title":{"rendered":"Kalkulator urodzin"},"content":{"rendered":"<p>Narz\u0119dzie analityczne My-Timer przekszta\u0142ca informacje o Twojej dacie urodzenia w precyzyjne pomiary czasu.<\/p>\n<h2>Tw\u00f3j kompletny profil urodzinowy w kilka sekund<\/h2>\n<p>Wystarczy wpisa\u0107 dat\u0119 urodzenia, aby natychmiast otrzyma\u0107 pe\u0142n\u0105 analiz\u0119 urodzin, w tym:<\/p>\n<ul>\n<li style=\"font-weight:400\">Szczeg\u00f3\u0142owy podzia\u0142 wieku: lata, miesi\u0105ce i dni;<\/li>\n<li style=\"font-weight:400\">Prognoza nast\u0119pnych urodzin: dok\u0142adny dzie\u0144 tygodnia;<\/li>\n<li style=\"font-weight:400\">Odliczanie dni do nast\u0119pnych urodzin;<\/li>\n<li style=\"font-weight:400\">Znak zodiaku (zachodni i chi\u0144ski);<\/li>\n<li style=\"font-weight:400\">Znane osobisto\u015bci urodzone w tym samym dniu.<\/li>\n<\/ul>\n","protected":false},"excerpt":{"rendered":"<p>Narz\u0119dzie analityczne My-Timer przekszta\u0142ca informacje o Twojej dacie urodzenia w precyzyjne pomiary czasu. Tw\u00f3j kompletny profil urodzinowy w kilka sekund Wystarczy wpisa\u0107 dat\u0119 urodzenia, aby natychmiast otrzyma\u0107 pe\u0142n\u0105 analiz\u0119 urodzin, w tym: Szczeg\u00f3\u0142owy podzia\u0142 wieku: lata, miesi\u0105ce i dni; Prognoza nast\u0119pnych urodzin: dok\u0142adny dzie\u0144 tygodnia; Odliczanie dni do nast\u0119pnych urodzin; Znak zodiaku (zachodni i chi\u0144ski); [&hellip;]<\/p>\n","protected":false},"author":0,"featured_media":0,"parent":0,"menu_order":0,"comment_status":"closed","ping_status":"closed","template":"","meta":{"_acf_changed":false,"footnotes":""},"categories":[],"class_list":["post-418","page","type-page","status-publish","hentry"],"acf":[],"aioseo_notices":[],"_links":{"self":[{"href":"https:\/\/my-timer.com\/pl\/wp-json\/wp\/v2\/pages\/418","targetHints":{"allow":["GET"]}}],"collection":[{"href":"https:\/\/my-timer.com\/pl\/wp-json\/wp\/v2\/pages"}],"about":[{"href":"https:\/\/my-timer.com\/pl\/wp-json\/wp\/v2\/types\/page"}],"replies":[{"embeddable":true,"href":"https:\/\/my-timer.com\/pl\/wp-json\/wp\/v2\/comments?post=418"}],"version-history":[{"count":0,"href":"https:\/\/my-timer.com\/pl\/wp-json\/wp\/v2\/pages\/418\/revisions"}],"wp:attachment":[{"href":"https:\/\/my-timer.com\/pl\/wp-json\/wp\/v2\/media?parent=418"}],"wp:term":[{"taxonomy":"category","embeddable":true,"href":"https:\/\/my-timer.com\/pl\/wp-json\/wp\/v2\/categories?post=418"}],"curies":[{"name":"wp","href":"https:\/\/api.w.org\/{rel}","templated":true}]}}