{"id":419,"date":"2026-04-17T12:48:40","date_gmt":"2026-04-17T09:48:40","guid":{"rendered":"https:\/\/my-timer.com\/pl\/online-date-calculator\/"},"modified":"2026-04-17T12:48:40","modified_gmt":"2026-04-17T09:48:40","slug":"online-date-calculator","status":"publish","type":"page","link":"https:\/\/my-timer.com\/pl\/online-date-calculator\/","title":{"rendered":"Kalkulator dat"},"content":{"rendered":"<p>Musisz wiedzie\u0107, jaka data wypada dok\u0142adnie za 45 dni? Kalkulator dat My-Timer zapewnia szybkie i dok\u0142adne obliczenia dla ka\u017cdego pytania zwi\u0105zanego z datami.<\/p>\n<h2>Wszechstronne obliczenia dat dla ka\u017cdej potrzeby<\/h2>\n<ul>\n<li style=\"font-weight:400\">Znalezienie dok\u0142adnej liczby dni mi\u0119dzy dowolnymi dwiema datami;<\/li>\n<li style=\"font-weight:400\">Obliczanie, jaka data nast\u0105pi po dodaniu okre\u015blonej liczby dni;<\/li>\n<li style=\"font-weight:400\">Mo\u017cliwo\u015b\u0107 liczenia tylko dni roboczych;<\/li>\n<li style=\"font-weight:400\">Obliczanie w dniach, tygodniach, miesi\u0105cach lub latach.<\/li>\n<\/ul>\n<h2>Idealne do planowania osobistego i zawodowego<\/h2>\n<ol>\n<li style=\"font-weight:400\">Planowanie projekt\u00f3w: precyzyjne okre\u015blanie kamieni milowych i termin\u00f3w;<\/li>\n<li style=\"font-weight:400\">\u015aledzenie termin\u00f3w prawnych: terminy s\u0105dowe i terminy sk\u0142adania;<\/li>\n<li style=\"font-weight:400\">Planowanie finansowe: dok\u0142adne daty p\u0142atno\u015bci i okresy po\u017cyczek;<\/li>\n<li style=\"font-weight:400\">Terminy medyczne: wizyty kontrolne i harmonogramy lek\u00f3w;<\/li>\n<li style=\"font-weight:400\">Planowanie wydarze\u0144: okre\u015blanie optymalnych dat.<\/li>\n<\/ol>\n","protected":false},"excerpt":{"rendered":"<p>Musisz wiedzie\u0107, jaka data wypada dok\u0142adnie za 45 dni? Kalkulator dat My-Timer zapewnia szybkie i dok\u0142adne obliczenia dla ka\u017cdego pytania zwi\u0105zanego z datami. Wszechstronne obliczenia dat dla ka\u017cdej potrzeby Znalezienie dok\u0142adnej liczby dni mi\u0119dzy dowolnymi dwiema datami; Obliczanie, jaka data nast\u0105pi po dodaniu okre\u015blonej liczby dni; Mo\u017cliwo\u015b\u0107 liczenia tylko dni roboczych; Obliczanie w dniach, tygodniach, [&hellip;]<\/p>\n","protected":false},"author":0,"featured_media":0,"parent":0,"menu_order":0,"comment_status":"closed","ping_status":"closed","template":"","meta":{"_acf_changed":false,"footnotes":""},"categories":[],"class_list":["post-419","page","type-page","status-publish","hentry"],"acf":[],"aioseo_notices":[],"_links":{"self":[{"href":"https:\/\/my-timer.com\/pl\/wp-json\/wp\/v2\/pages\/419","targetHints":{"allow":["GET"]}}],"collection":[{"href":"https:\/\/my-timer.com\/pl\/wp-json\/wp\/v2\/pages"}],"about":[{"href":"https:\/\/my-timer.com\/pl\/wp-json\/wp\/v2\/types\/page"}],"replies":[{"embeddable":true,"href":"https:\/\/my-timer.com\/pl\/wp-json\/wp\/v2\/comments?post=419"}],"version-history":[{"count":0,"href":"https:\/\/my-timer.com\/pl\/wp-json\/wp\/v2\/pages\/419\/revisions"}],"wp:attachment":[{"href":"https:\/\/my-timer.com\/pl\/wp-json\/wp\/v2\/media?parent=419"}],"wp:term":[{"taxonomy":"category","embeddable":true,"href":"https:\/\/my-timer.com\/pl\/wp-json\/wp\/v2\/categories?post=419"}],"curies":[{"name":"wp","href":"https:\/\/api.w.org\/{rel}","templated":true}]}}