{"id":420,"date":"2026-04-17T12:48:46","date_gmt":"2026-04-17T09:48:46","guid":{"rendered":"https:\/\/my-timer.com\/pl\/calendar\/"},"modified":"2026-04-17T12:48:46","modified_gmt":"2026-04-17T09:48:46","slug":"calendar","status":"publish","type":"page","link":"https:\/\/my-timer.com\/pl\/calendar\/","title":{"rendered":"Kalendarz online"},"content":{"rendered":"<p>Witamy w najbardziej kompleksowej bazie danych kalendarzy w Internecie. Nasza kolekcja obejmuje ponad dwa wieki \u2014 od 1900 do 2100 roku dla wszystkich kraj\u00f3w \u015bwiata.<\/p>\n<h2>Co sprawia, \u017ce nasza baza danych kalendarzy jest wyj\u0105tkowa<\/h2>\n<p>Nasz system obejmuje imponuj\u0105cy 200-letni okres. Jest to nieocenione dla:<\/p>\n<ul>\n<li style=\"font-weight:400\">Bada\u0144 historycznych i dokumentacji;<\/li>\n<li style=\"font-weight:400\">Projekt\u00f3w genealogicznych i budowania drzew genealogicznych;<\/li>\n<li style=\"font-weight:400\">Bada\u0144 akademickich wymagaj\u0105cych dok\u0142adnej weryfikacji dat;<\/li>\n<li style=\"font-weight:400\">Planowania biznesowego dla operacji mi\u0119dzynarodowych;<\/li>\n<li style=\"font-weight:400\">\u015aledzenia osobistych kamieni milowych i planowania rocznic.<\/li>\n<\/ul>\n<h2>Jak korzysta\u0107 z naszego kalendarza<\/h2>\n<ol>\n<li style=\"font-weight:400\">Wybierz \u017c\u0105dany rok z naszego kompleksowego zakresu;<\/li>\n<li style=\"font-weight:400\">Wybierz odpowiedni kraj dla zlokalizowanych widok\u00f3w kalendarza;<\/li>\n<li style=\"font-weight:400\">Przegl\u0105daj uk\u0142ady miesi\u0119czne lub przeskakuj do dat.<\/li>\n<\/ol>\n","protected":false},"excerpt":{"rendered":"<p>Witamy w najbardziej kompleksowej bazie danych kalendarzy w Internecie. Nasza kolekcja obejmuje ponad dwa wieki \u2014 od 1900 do 2100 roku dla wszystkich kraj\u00f3w \u015bwiata. Co sprawia, \u017ce nasza baza danych kalendarzy jest wyj\u0105tkowa Nasz system obejmuje imponuj\u0105cy 200-letni okres. Jest to nieocenione dla: Bada\u0144 historycznych i dokumentacji; Projekt\u00f3w genealogicznych i budowania drzew genealogicznych; Bada\u0144 [&hellip;]<\/p>\n","protected":false},"author":0,"featured_media":0,"parent":0,"menu_order":0,"comment_status":"closed","ping_status":"closed","template":"","meta":{"_acf_changed":false,"footnotes":""},"categories":[],"class_list":["post-420","page","type-page","status-publish","hentry"],"acf":[],"aioseo_notices":[],"_links":{"self":[{"href":"https:\/\/my-timer.com\/pl\/wp-json\/wp\/v2\/pages\/420","targetHints":{"allow":["GET"]}}],"collection":[{"href":"https:\/\/my-timer.com\/pl\/wp-json\/wp\/v2\/pages"}],"about":[{"href":"https:\/\/my-timer.com\/pl\/wp-json\/wp\/v2\/types\/page"}],"replies":[{"embeddable":true,"href":"https:\/\/my-timer.com\/pl\/wp-json\/wp\/v2\/comments?post=420"}],"version-history":[{"count":0,"href":"https:\/\/my-timer.com\/pl\/wp-json\/wp\/v2\/pages\/420\/revisions"}],"wp:attachment":[{"href":"https:\/\/my-timer.com\/pl\/wp-json\/wp\/v2\/media?parent=420"}],"wp:term":[{"taxonomy":"category","embeddable":true,"href":"https:\/\/my-timer.com\/pl\/wp-json\/wp\/v2\/categories?post=420"}],"curies":[{"name":"wp","href":"https:\/\/api.w.org\/{rel}","templated":true}]}}